{"id":4699,"date":"2015-12-21T06:34:28","date_gmt":"2015-12-21T06:34:28","guid":{"rendered":"http:\/\/acontermica.es\/en\/cassette\/"},"modified":"2016-09-05T22:09:53","modified_gmt":"2016-09-05T22:09:53","slug":"cassette-unit","status":"publish","type":"page","link":"https:\/\/acontermica.es\/en\/cassette-unit\/","title":{"rendered":"Cassette Unit"},"content":{"rendered":"<div id='av_section_1'  class='avia-section main_color avia-section-default avia-no-shadow  avia-bg-style-scroll  avia-builder-el-0  avia-builder-el-no-sibling   container_wrap sidebar_right' style=' '  ><div class='container' ><main  role=\"main\" itemprop=\"mainContentOfPage\"  class='template-page content  av-content-small alpha units'><div class='post-entry post-entry-type-page post-entry-4699'><div class='entry-content-wrapper clearfix'>\n<div class=\"flex_column av_three_fifth  flex_column_div av-zero-column-padding first  avia-builder-el-1  el_before_av_two_fifth  avia-builder-el-first  \" style='border-radius:0px; '><section class=\"av_textblock_section \"  itemscope=\"itemscope\" itemtype=\"https:\/\/schema.org\/CreativeWork\" ><div class='avia_textblock  av_inherit_color '  style='color:#49649d; '  itemprop=\"text\" ><h3 style=\"text-align: left;\">Cassette<\/h3>\n<\/div><\/section><br \/>\n<section class=\"av_textblock_section \"  itemscope=\"itemscope\" itemtype=\"https:\/\/schema.org\/CreativeWork\" ><div class='avia_textblock  '   itemprop=\"text\" ><p>The <strong>cassette<\/strong> air conditioning system consists of <strong>an<\/strong> <strong>interior vent to provide cooling and an exterior compressor<\/strong>. The interior machine should be installed in the <strong>false ceiling<\/strong>. It has four air outlets positioned in four different directions, producing cold or hot air in a unified manner throughout the entire space.<\/p>\n<p>This system is usually placed in <strong>offices or commercial spaces<\/strong> due to its wide power range and easy maintenance features. However it can also be installed in homes or other areas.<\/p>\n<p><strong>Products and Technical Specifications<\/strong>:<\/p>\n<p><a href=\"http:\/\/acontermica.loading.net\/catalogos\/panasonic2015.pdf\" target=\"_blank\" rel=\"noopener\">Panasonic<\/a><br \/>\n<a href=\"http:\/\/acontermica.loading.net\/catalogos\/MitsubishiElectric2015.pdf\" target=\"_blank\" rel=\"noopener\">Mitsubishi Electric<\/a><br \/>\n<a href=\"http:\/\/acontermica.loading.net\/catalogos\/fujitsu.pdf\" target=\"_blank\" rel=\"noopener\">Fujitsu<\/a><br \/>\n<a href=\"http:\/\/acontermica.loading.net\/catalogos\/catalogoMDV2015.pdf\" target=\"_blank\" rel=\"noopener\">MDV<\/a><br \/>\n<a href=\"http:\/\/acontermica.loading.net\/catalogos\/Daikin2015.pdf\" target=\"_blank\" rel=\"noopener\">Daikin<\/a><br \/>\n<a href=\"http:\/\/acontermica.loading.net\/catalogos\/calefacciondaikin.pdf\" target=\"_blank\" rel=\"noopener\">Calefacci\u00f3n Daikin<\/a><\/p>\n<\/div><\/section><br \/>\n<div  class='avia-button-wrap avia-button-center  avia-builder-el-4  el_after_av_textblock  avia-builder-el-last ' ><a href='javascript:history.go(-1)'  class='avia-button  avia-color-theme-color   avia-icon_select-yes-left-icon avia-size-large avia-position-center '   ><span class='avia_button_icon avia_button_icon_left ' aria-hidden='true' data-av_icon='\ue880' data-av_iconfont='entypo-fontello'><\/span><span class='avia_iconbox_title' >Back<\/span><\/a><\/div><\/p><\/div><div class=\"flex_column av_two_fifth  flex_column_div av-zero-column-padding   avia-builder-el-5  el_after_av_three_fifth  avia-builder-el-last  \" style='border-radius:0px; '><section class=\"av_textblock_section \"  itemscope=\"itemscope\" itemtype=\"https:\/\/schema.org\/CreativeWork\" ><div class='avia_textblock  '   itemprop=\"text\" ><p><img loading=\"lazy\" decoding=\"async\" class=\"alignnone size-full wp-image-3950\" src=\"http:\/\/acontermica.loading.net\/wp-content\/uploads\/2015\/12\/cassette.jpg\" alt=\"cassette\" width=\"407\" height=\"275\" srcset=\"https:\/\/acontermica.es\/wp-content\/uploads\/2015\/12\/cassette.jpg 407w, https:\/\/acontermica.es\/wp-content\/uploads\/2015\/12\/cassette-300x203.jpg 300w\" sizes=\"auto, (max-width: 407px) 100vw, 407px\" \/><\/p>\n<\/div><\/section><\/div><\/div><\/div><\/main><!-- close content main element --><\/div><\/div><div id='after_section_1'  class='main_color av_default_container_wrap container_wrap sidebar_right' style=' '  ><div class='container' ><div class='template-page content  av-content-small alpha units'><div class='post-entry post-entry-type-page post-entry-4699'><div class='entry-content-wrapper clearfix'>\n","protected":false},"excerpt":{"rendered":"","protected":false},"author":2,"featured_media":0,"parent":0,"menu_order":0,"comment_status":"closed","ping_status":"closed","template":"","meta":{"footnotes":""},"class_list":["post-4699","page","type-page","status-publish","hentry"],"yoast_head":"<!-- This site is optimized with the Yoast SEO plugin v27.3 - https:\/\/yoast.com\/product\/yoast-seo-wordpress\/ -->\n<title>Cassette Unit - Servicio T\u00e9cnico Daikin M\u00e1laga. Acontermica.<\/title>\n<meta name=\"robots\" content=\"index, follow, max-snippet:-1, max-image-preview:large, max-video-preview:-1\" \/>\n<link rel=\"canonical\" href=\"https:\/\/acontermica.es\/en\/cassette-unit\/\" \/>\n<meta property=\"og:locale\" content=\"en_US\" \/>\n<meta property=\"og:type\" content=\"article\" \/>\n<meta property=\"og:title\" content=\"Cassette Unit - Servicio T\u00e9cnico Daikin M\u00e1laga. Acontermica.\" \/>\n<meta property=\"og:url\" content=\"https:\/\/acontermica.es\/en\/cassette-unit\/\" \/>\n<meta property=\"og:site_name\" content=\"Servicio T\u00e9cnico Daikin M\u00e1laga. Acontermica.\" \/>\n<meta property=\"article:publisher\" content=\"https:\/\/www.facebook.com\/acontermica\" \/>\n<meta property=\"article:modified_time\" content=\"2016-09-05T22:09:53+00:00\" \/>\n<meta property=\"og:image\" content=\"http:\/\/acontermica.loading.net\/wp-content\/uploads\/2015\/12\/cassette.jpg\" \/>\n<meta name=\"twitter:card\" content=\"summary_large_image\" \/>\n<meta name=\"twitter:label1\" content=\"Est. reading time\" \/>\n\t<meta name=\"twitter:data1\" content=\"2 minutes\" \/>\n<script type=\"application\/ld+json\" class=\"yoast-schema-graph\">{\"@context\":\"https:\\\/\\\/schema.org\",\"@graph\":[{\"@type\":\"WebPage\",\"@id\":\"https:\\\/\\\/acontermica.es\\\/en\\\/cassette-unit\\\/\",\"url\":\"https:\\\/\\\/acontermica.es\\\/en\\\/cassette-unit\\\/\",\"name\":\"Cassette Unit - Servicio T\u00e9cnico Daikin M\u00e1laga. Acontermica.\",\"isPartOf\":{\"@id\":\"https:\\\/\\\/acontermica.es\\\/#website\"},\"primaryImageOfPage\":{\"@id\":\"https:\\\/\\\/acontermica.es\\\/en\\\/cassette-unit\\\/#primaryimage\"},\"image\":{\"@id\":\"https:\\\/\\\/acontermica.es\\\/en\\\/cassette-unit\\\/#primaryimage\"},\"thumbnailUrl\":\"http:\\\/\\\/acontermica.loading.net\\\/wp-content\\\/uploads\\\/2015\\\/12\\\/cassette.jpg\",\"datePublished\":\"2015-12-21T06:34:28+00:00\",\"dateModified\":\"2016-09-05T22:09:53+00:00\",\"breadcrumb\":{\"@id\":\"https:\\\/\\\/acontermica.es\\\/en\\\/cassette-unit\\\/#breadcrumb\"},\"inLanguage\":\"en-US\",\"potentialAction\":[{\"@type\":\"ReadAction\",\"target\":[\"https:\\\/\\\/acontermica.es\\\/en\\\/cassette-unit\\\/\"]}]},{\"@type\":\"ImageObject\",\"inLanguage\":\"en-US\",\"@id\":\"https:\\\/\\\/acontermica.es\\\/en\\\/cassette-unit\\\/#primaryimage\",\"url\":\"http:\\\/\\\/acontermica.loading.net\\\/wp-content\\\/uploads\\\/2015\\\/12\\\/cassette.jpg\",\"contentUrl\":\"http:\\\/\\\/acontermica.loading.net\\\/wp-content\\\/uploads\\\/2015\\\/12\\\/cassette.jpg\"},{\"@type\":\"BreadcrumbList\",\"@id\":\"https:\\\/\\\/acontermica.es\\\/en\\\/cassette-unit\\\/#breadcrumb\",\"itemListElement\":[{\"@type\":\"ListItem\",\"position\":1,\"name\":\"Portada\",\"item\":\"https:\\\/\\\/acontermica.es\\\/en\\\/\"},{\"@type\":\"ListItem\",\"position\":2,\"name\":\"Cassette Unit\"}]},{\"@type\":\"WebSite\",\"@id\":\"https:\\\/\\\/acontermica.es\\\/#website\",\"url\":\"https:\\\/\\\/acontermica.es\\\/\",\"name\":\"Servicio T\u00e9cnico Daikin M\u00e1laga. Acontermica.\",\"description\":\"Climatizaci\u00f3n, Aire acondicionado, M\u00e1laga\",\"potentialAction\":[{\"@type\":\"SearchAction\",\"target\":{\"@type\":\"EntryPoint\",\"urlTemplate\":\"https:\\\/\\\/acontermica.es\\\/?s={search_term_string}\"},\"query-input\":{\"@type\":\"PropertyValueSpecification\",\"valueRequired\":true,\"valueName\":\"search_term_string\"}}],\"inLanguage\":\"en-US\"}]}<\/script>\n<!-- \/ Yoast SEO plugin. -->","yoast_head_json":{"title":"Cassette Unit - Servicio T\u00e9cnico Daikin M\u00e1laga. Acontermica.","robots":{"index":"index","follow":"follow","max-snippet":"max-snippet:-1","max-image-preview":"max-image-preview:large","max-video-preview":"max-video-preview:-1"},"canonical":"https:\/\/acontermica.es\/en\/cassette-unit\/","og_locale":"en_US","og_type":"article","og_title":"Cassette Unit - Servicio T\u00e9cnico Daikin M\u00e1laga. Acontermica.","og_url":"https:\/\/acontermica.es\/en\/cassette-unit\/","og_site_name":"Servicio T\u00e9cnico Daikin M\u00e1laga. Acontermica.","article_publisher":"https:\/\/www.facebook.com\/acontermica","article_modified_time":"2016-09-05T22:09:53+00:00","og_image":[{"url":"http:\/\/acontermica.loading.net\/wp-content\/uploads\/2015\/12\/cassette.jpg","type":"","width":"","height":""}],"twitter_card":"summary_large_image","twitter_misc":{"Est. reading time":"2 minutes"},"schema":{"@context":"https:\/\/schema.org","@graph":[{"@type":"WebPage","@id":"https:\/\/acontermica.es\/en\/cassette-unit\/","url":"https:\/\/acontermica.es\/en\/cassette-unit\/","name":"Cassette Unit - Servicio T\u00e9cnico Daikin M\u00e1laga. Acontermica.","isPartOf":{"@id":"https:\/\/acontermica.es\/#website"},"primaryImageOfPage":{"@id":"https:\/\/acontermica.es\/en\/cassette-unit\/#primaryimage"},"image":{"@id":"https:\/\/acontermica.es\/en\/cassette-unit\/#primaryimage"},"thumbnailUrl":"http:\/\/acontermica.loading.net\/wp-content\/uploads\/2015\/12\/cassette.jpg","datePublished":"2015-12-21T06:34:28+00:00","dateModified":"2016-09-05T22:09:53+00:00","breadcrumb":{"@id":"https:\/\/acontermica.es\/en\/cassette-unit\/#breadcrumb"},"inLanguage":"en-US","potentialAction":[{"@type":"ReadAction","target":["https:\/\/acontermica.es\/en\/cassette-unit\/"]}]},{"@type":"ImageObject","inLanguage":"en-US","@id":"https:\/\/acontermica.es\/en\/cassette-unit\/#primaryimage","url":"http:\/\/acontermica.loading.net\/wp-content\/uploads\/2015\/12\/cassette.jpg","contentUrl":"http:\/\/acontermica.loading.net\/wp-content\/uploads\/2015\/12\/cassette.jpg"},{"@type":"BreadcrumbList","@id":"https:\/\/acontermica.es\/en\/cassette-unit\/#breadcrumb","itemListElement":[{"@type":"ListItem","position":1,"name":"Portada","item":"https:\/\/acontermica.es\/en\/"},{"@type":"ListItem","position":2,"name":"Cassette Unit"}]},{"@type":"WebSite","@id":"https:\/\/acontermica.es\/#website","url":"https:\/\/acontermica.es\/","name":"Servicio T\u00e9cnico Daikin M\u00e1laga. Acontermica.","description":"Climatizaci\u00f3n, Aire acondicionado, M\u00e1laga","potentialAction":[{"@type":"SearchAction","target":{"@type":"EntryPoint","urlTemplate":"https:\/\/acontermica.es\/?s={search_term_string}"},"query-input":{"@type":"PropertyValueSpecification","valueRequired":true,"valueName":"search_term_string"}}],"inLanguage":"en-US"}]}},"_links":{"self":[{"href":"https:\/\/acontermica.es\/en\/wp-json\/wp\/v2\/pages\/4699","targetHints":{"allow":["GET"]}}],"collection":[{"href":"https:\/\/acontermica.es\/en\/wp-json\/wp\/v2\/pages"}],"about":[{"href":"https:\/\/acontermica.es\/en\/wp-json\/wp\/v2\/types\/page"}],"author":[{"embeddable":true,"href":"https:\/\/acontermica.es\/en\/wp-json\/wp\/v2\/users\/2"}],"replies":[{"embeddable":true,"href":"https:\/\/acontermica.es\/en\/wp-json\/wp\/v2\/comments?post=4699"}],"version-history":[{"count":2,"href":"https:\/\/acontermica.es\/en\/wp-json\/wp\/v2\/pages\/4699\/revisions"}],"predecessor-version":[{"id":4701,"href":"https:\/\/acontermica.es\/en\/wp-json\/wp\/v2\/pages\/4699\/revisions\/4701"}],"wp:attachment":[{"href":"https:\/\/acontermica.es\/en\/wp-json\/wp\/v2\/media?parent=4699"}],"curies":[{"name":"wp","href":"https:\/\/api.w.org\/{rel}","templated":true}]}}