{"id":4692,"date":"2015-12-21T05:33:11","date_gmt":"2015-12-21T05:33:11","guid":{"rendered":"http:\/\/acontermica.es\/en\/energia-solar-termica\/"},"modified":"2016-09-05T14:48:05","modified_gmt":"2016-09-05T14:48:05","slug":"solar-thermal-energy","status":"publish","type":"page","link":"https:\/\/acontermica.es\/en\/solar-thermal-energy\/","title":{"rendered":"Solar Thermal Energy"},"content":{"rendered":"<div id='av_section_1'  class='avia-section main_color avia-section-default avia-no-shadow  avia-bg-style-scroll  avia-builder-el-0  avia-builder-el-no-sibling   container_wrap sidebar_right' style=' '  ><div class='container' ><main  role=\"main\" itemprop=\"mainContentOfPage\"  class='template-page content  av-content-small alpha units'><div class='post-entry post-entry-type-page post-entry-4692'><div class='entry-content-wrapper clearfix'>\n<div class=\"flex_column av_three_fifth  flex_column_div av-zero-column-padding first  avia-builder-el-1  el_before_av_one_third  avia-builder-el-first  \" style='border-radius:0px; '><section class=\"av_textblock_section \"  itemscope=\"itemscope\" itemtype=\"https:\/\/schema.org\/CreativeWork\" ><div class='avia_textblock  av_inherit_color '  style='color:#49649d; '  itemprop=\"text\" ><h3 style=\"text-align: left;\"><strong>Solar Thermal Energy <\/strong><\/h3>\n<\/div><\/section><br \/>\n<section class=\"av_textblock_section \"  itemscope=\"itemscope\" itemtype=\"https:\/\/schema.org\/CreativeWork\" ><div class='avia_textblock  '   itemprop=\"text\" ><p>Daikin Solar Systems feature the latest solar thermal technology to harness renewable, free energy from the sun. The Daikin Solar range is suitable for domestic hot water preparation for domestic and light commercial use in addition to other applications such as pool heating, industrial refrigeration, heating and electricity.<\/p>\n<p>The installation of solar thermal energy is very cost efficient due to the large reduction of fuel and electricity, resulting in saving a great deal of energy. This results in having great economic savings, which allows you to pay off installment fees.<\/p>\n<p>Installing solar thermal energy is actually very <strong>cost efficient <\/strong>and will end up paying for it self. It saves a great deal of energy because it uses less fuel and electricity. The economic savings are huge which means customers are able to pay off the installment fees with the money they have saved on their energy bill. The repayment period varies between 5-10 years, depending on several factors such as user consumption, the amount of aid received and the installation location. Another advantage of this system is its <strong>easy maintenance<\/strong>, which is much easier than standard systems.<\/p>\n<p>A solar thermal installation basically consists of the following elements, whose functions are described below:<\/p>\n<ul>\n<li><strong>The Collection System<\/strong>: transforms the solar radiation into internal energy of the fluid running through it.<\/li>\n<li><strong>The Accumulation System:<\/strong> stores the internal energy which the installation produces.<\/li>\n<li><strong>The Exchange System:<\/strong> transfers the heat into fluids which circulate among different circuits.<\/li>\n<li><strong>The Transport\/Circulation System:<\/strong> made up of pipes, drive elements and thermal features designed to transport the energy produced.<\/li>\n<li><strong>The Support System:<\/strong> this element provides support for the solar installation supplementing the solar input in periods of low solar radiation or when energy demand is higher than usual, ensuring the user will always have enough energy regardless of the weather.<\/li>\n<li><strong>The Control System:<\/strong> guarantees the proper operation of the whole system.<\/li>\n<\/ul>\n<\/div><\/section><br \/>\n<section class=\"av_textblock_section \"  itemscope=\"itemscope\" itemtype=\"https:\/\/schema.org\/CreativeWork\" ><div class='avia_textblock  '   itemprop=\"text\" ><p><img loading=\"lazy\" decoding=\"async\" class=\"alignnone size-full wp-image-3928\" src=\"http:\/\/acontermica.loading.net\/wp-content\/uploads\/2015\/12\/graficopaneles.jpg\" alt=\"graficopaneles\" width=\"632\" height=\"399\" srcset=\"https:\/\/acontermica.es\/wp-content\/uploads\/2015\/12\/graficopaneles.jpg 632w, https:\/\/acontermica.es\/wp-content\/uploads\/2015\/12\/graficopaneles-300x189.jpg 300w, https:\/\/acontermica.es\/wp-content\/uploads\/2015\/12\/graficopaneles-450x284.jpg 450w\" sizes=\"auto, (max-width: 632px) 100vw, 632px\" \/><\/p>\n<\/div><\/section><\/p><\/div><div class=\"flex_column av_one_third  flex_column_div av-zero-column-padding   avia-builder-el-5  el_after_av_three_fifth  avia-builder-el-last  \" style='border-radius:0px; '><p><section class=\"av_textblock_section \"  itemscope=\"itemscope\" itemtype=\"https:\/\/schema.org\/CreativeWork\" ><div class='avia_textblock  '   itemprop=\"text\" ><p>The solar energy collection is classified into the following:<\/p>\n<ul>\n<li><strong>Low temperature<\/strong>: flat solar collector, for hot water, heating or air conditioning, gets temperatures below 80\u00ba<\/li>\n<\/ul>\n<\/div><\/section><br \/>\n<div  class='avia-video avia-video-16-9   av-lazyload-immediate  av-lazyload-video-embed  '   itemprop=\"video\" itemtype=\"https:\/\/schema.org\/VideoObject\"  data-original_url='https:\/\/www.youtube.com\/watch?v=6eTad2KLO8Y' ><script type='text\/html' class='av-video-tmpl'><div class='avia-iframe-wrap'><iframe loading=\"lazy\" width=\"1500\" height=\"844\" src=\"https:\/\/www.youtube.com\/embed\/6eTad2KLO8Y?feature=oembed&autoplay=0&loop=0&controls=1&mute=0\" frameborder=\"0\" allowfullscreen><\/iframe><\/div><\/script><div class='av-click-to-play-overlay'><div class=\"avia_playpause_icon\"><\/div><\/div><\/div><br \/>\n<section class=\"av_textblock_section \"  itemscope=\"itemscope\" itemtype=\"https:\/\/schema.org\/CreativeWork\" ><div class='avia_textblock  '   itemprop=\"text\" ><ul>\n<li><strong>Medium\/High temperature<\/strong>: mirrors or lenses, to produce electricity, gets temperatures 300-800\u00ba<\/li>\n<\/ul>\n<\/div><\/section><br \/>\n<div  class='avia-video avia-video-16-9   av-lazyload-immediate  av-lazyload-video-embed  '   itemprop=\"video\" itemtype=\"https:\/\/schema.org\/VideoObject\"  data-original_url='https:\/\/www.youtube.com\/watch?v=RPKMKPnXbug' ><script type='text\/html' class='av-video-tmpl'><div class='avia-iframe-wrap'><iframe loading=\"lazy\" width=\"1500\" height=\"844\" src=\"https:\/\/www.youtube.com\/embed\/RPKMKPnXbug?feature=oembed&autoplay=0&loop=0&controls=1&mute=0\" frameborder=\"0\" allowfullscreen><\/iframe><\/div><\/script><div class='av-click-to-play-overlay'><div class=\"avia_playpause_icon\"><\/div><\/div><\/div><br \/>\n<section class=\"av_textblock_section \"  itemscope=\"itemscope\" itemtype=\"https:\/\/schema.org\/CreativeWork\" ><div class='avia_textblock  '   itemprop=\"text\" ><p><strong>For more information regarding the installation of solar power in your home or business you can <a href=\"http:\/\/acontermica.es\/en\/contact\/\"><strong>contacts us<\/strong><\/a> or call us at 952 04 19 46.<\/strong><\/p>\n<\/div><\/section><br \/>\n<div  class='avia-button-wrap avia-button-center  avia-builder-el-11  el_after_av_textblock  avia-builder-el-last ' ><a href='javascript:history.go(-1)'  class='avia-button  avia-color-theme-color   avia-icon_select-yes-left-icon avia-size-x-large avia-position-center '   ><span class='avia_button_icon avia_button_icon_left ' aria-hidden='true' data-av_icon='\ue880' data-av_iconfont='entypo-fontello'><\/span><span class='avia_iconbox_title' >Back<\/span><\/a><\/div><\/p><\/div><\/div><\/div><\/main><!-- close content main element --><\/div><\/div><div id='after_section_1'  class='main_color av_default_container_wrap container_wrap sidebar_right' style=' '  ><div class='container' ><div class='template-page content  av-content-small alpha units'><div class='post-entry post-entry-type-page post-entry-4692'><div class='entry-content-wrapper clearfix'>\n","protected":false},"excerpt":{"rendered":"","protected":false},"author":2,"featured_media":0,"parent":0,"menu_order":0,"comment_status":"closed","ping_status":"closed","template":"","meta":{"footnotes":""},"class_list":["post-4692","page","type-page","status-publish","hentry"],"yoast_head":"<!-- This site is optimized with the Yoast SEO plugin v27.3 - https:\/\/yoast.com\/product\/yoast-seo-wordpress\/ -->\n<title>Solar Thermal Energy - Servicio T\u00e9cnico Daikin M\u00e1laga. Acontermica.<\/title>\n<meta name=\"robots\" content=\"index, follow, max-snippet:-1, max-image-preview:large, max-video-preview:-1\" \/>\n<link rel=\"canonical\" href=\"https:\/\/acontermica.es\/en\/solar-thermal-energy\/\" \/>\n<meta property=\"og:locale\" content=\"en_US\" \/>\n<meta property=\"og:type\" content=\"article\" \/>\n<meta property=\"og:title\" content=\"Solar Thermal Energy - Servicio T\u00e9cnico Daikin M\u00e1laga. Acontermica.\" \/>\n<meta property=\"og:url\" content=\"https:\/\/acontermica.es\/en\/solar-thermal-energy\/\" \/>\n<meta property=\"og:site_name\" content=\"Servicio T\u00e9cnico Daikin M\u00e1laga. Acontermica.\" \/>\n<meta property=\"article:publisher\" content=\"https:\/\/www.facebook.com\/acontermica\" \/>\n<meta property=\"article:modified_time\" content=\"2016-09-05T14:48:05+00:00\" \/>\n<meta property=\"og:image\" content=\"http:\/\/acontermica.loading.net\/wp-content\/uploads\/2015\/12\/graficopaneles.jpg\" \/>\n<meta name=\"twitter:card\" content=\"summary_large_image\" \/>\n<meta name=\"twitter:label1\" content=\"Est. reading time\" \/>\n\t<meta name=\"twitter:data1\" content=\"3 minutes\" \/>\n<script type=\"application\/ld+json\" class=\"yoast-schema-graph\">{\"@context\":\"https:\\\/\\\/schema.org\",\"@graph\":[{\"@type\":\"WebPage\",\"@id\":\"https:\\\/\\\/acontermica.es\\\/en\\\/solar-thermal-energy\\\/\",\"url\":\"https:\\\/\\\/acontermica.es\\\/en\\\/solar-thermal-energy\\\/\",\"name\":\"Solar Thermal Energy - Servicio T\u00e9cnico Daikin M\u00e1laga. Acontermica.\",\"isPartOf\":{\"@id\":\"https:\\\/\\\/acontermica.es\\\/#website\"},\"primaryImageOfPage\":{\"@id\":\"https:\\\/\\\/acontermica.es\\\/en\\\/solar-thermal-energy\\\/#primaryimage\"},\"image\":{\"@id\":\"https:\\\/\\\/acontermica.es\\\/en\\\/solar-thermal-energy\\\/#primaryimage\"},\"thumbnailUrl\":\"http:\\\/\\\/acontermica.loading.net\\\/wp-content\\\/uploads\\\/2015\\\/12\\\/graficopaneles.jpg\",\"datePublished\":\"2015-12-21T05:33:11+00:00\",\"dateModified\":\"2016-09-05T14:48:05+00:00\",\"breadcrumb\":{\"@id\":\"https:\\\/\\\/acontermica.es\\\/en\\\/solar-thermal-energy\\\/#breadcrumb\"},\"inLanguage\":\"en-US\",\"potentialAction\":[{\"@type\":\"ReadAction\",\"target\":[\"https:\\\/\\\/acontermica.es\\\/en\\\/solar-thermal-energy\\\/\"]}]},{\"@type\":\"ImageObject\",\"inLanguage\":\"en-US\",\"@id\":\"https:\\\/\\\/acontermica.es\\\/en\\\/solar-thermal-energy\\\/#primaryimage\",\"url\":\"http:\\\/\\\/acontermica.loading.net\\\/wp-content\\\/uploads\\\/2015\\\/12\\\/graficopaneles.jpg\",\"contentUrl\":\"http:\\\/\\\/acontermica.loading.net\\\/wp-content\\\/uploads\\\/2015\\\/12\\\/graficopaneles.jpg\"},{\"@type\":\"BreadcrumbList\",\"@id\":\"https:\\\/\\\/acontermica.es\\\/en\\\/solar-thermal-energy\\\/#breadcrumb\",\"itemListElement\":[{\"@type\":\"ListItem\",\"position\":1,\"name\":\"Portada\",\"item\":\"https:\\\/\\\/acontermica.es\\\/en\\\/\"},{\"@type\":\"ListItem\",\"position\":2,\"name\":\"Solar Thermal Energy\"}]},{\"@type\":\"WebSite\",\"@id\":\"https:\\\/\\\/acontermica.es\\\/#website\",\"url\":\"https:\\\/\\\/acontermica.es\\\/\",\"name\":\"Servicio T\u00e9cnico Daikin M\u00e1laga. Acontermica.\",\"description\":\"Climatizaci\u00f3n, Aire acondicionado, M\u00e1laga\",\"potentialAction\":[{\"@type\":\"SearchAction\",\"target\":{\"@type\":\"EntryPoint\",\"urlTemplate\":\"https:\\\/\\\/acontermica.es\\\/?s={search_term_string}\"},\"query-input\":{\"@type\":\"PropertyValueSpecification\",\"valueRequired\":true,\"valueName\":\"search_term_string\"}}],\"inLanguage\":\"en-US\"}]}<\/script>\n<!-- \/ Yoast SEO plugin. -->","yoast_head_json":{"title":"Solar Thermal Energy - Servicio T\u00e9cnico Daikin M\u00e1laga. Acontermica.","robots":{"index":"index","follow":"follow","max-snippet":"max-snippet:-1","max-image-preview":"max-image-preview:large","max-video-preview":"max-video-preview:-1"},"canonical":"https:\/\/acontermica.es\/en\/solar-thermal-energy\/","og_locale":"en_US","og_type":"article","og_title":"Solar Thermal Energy - Servicio T\u00e9cnico Daikin M\u00e1laga. Acontermica.","og_url":"https:\/\/acontermica.es\/en\/solar-thermal-energy\/","og_site_name":"Servicio T\u00e9cnico Daikin M\u00e1laga. Acontermica.","article_publisher":"https:\/\/www.facebook.com\/acontermica","article_modified_time":"2016-09-05T14:48:05+00:00","og_image":[{"url":"http:\/\/acontermica.loading.net\/wp-content\/uploads\/2015\/12\/graficopaneles.jpg","type":"","width":"","height":""}],"twitter_card":"summary_large_image","twitter_misc":{"Est. reading time":"3 minutes"},"schema":{"@context":"https:\/\/schema.org","@graph":[{"@type":"WebPage","@id":"https:\/\/acontermica.es\/en\/solar-thermal-energy\/","url":"https:\/\/acontermica.es\/en\/solar-thermal-energy\/","name":"Solar Thermal Energy - Servicio T\u00e9cnico Daikin M\u00e1laga. Acontermica.","isPartOf":{"@id":"https:\/\/acontermica.es\/#website"},"primaryImageOfPage":{"@id":"https:\/\/acontermica.es\/en\/solar-thermal-energy\/#primaryimage"},"image":{"@id":"https:\/\/acontermica.es\/en\/solar-thermal-energy\/#primaryimage"},"thumbnailUrl":"http:\/\/acontermica.loading.net\/wp-content\/uploads\/2015\/12\/graficopaneles.jpg","datePublished":"2015-12-21T05:33:11+00:00","dateModified":"2016-09-05T14:48:05+00:00","breadcrumb":{"@id":"https:\/\/acontermica.es\/en\/solar-thermal-energy\/#breadcrumb"},"inLanguage":"en-US","potentialAction":[{"@type":"ReadAction","target":["https:\/\/acontermica.es\/en\/solar-thermal-energy\/"]}]},{"@type":"ImageObject","inLanguage":"en-US","@id":"https:\/\/acontermica.es\/en\/solar-thermal-energy\/#primaryimage","url":"http:\/\/acontermica.loading.net\/wp-content\/uploads\/2015\/12\/graficopaneles.jpg","contentUrl":"http:\/\/acontermica.loading.net\/wp-content\/uploads\/2015\/12\/graficopaneles.jpg"},{"@type":"BreadcrumbList","@id":"https:\/\/acontermica.es\/en\/solar-thermal-energy\/#breadcrumb","itemListElement":[{"@type":"ListItem","position":1,"name":"Portada","item":"https:\/\/acontermica.es\/en\/"},{"@type":"ListItem","position":2,"name":"Solar Thermal Energy"}]},{"@type":"WebSite","@id":"https:\/\/acontermica.es\/#website","url":"https:\/\/acontermica.es\/","name":"Servicio T\u00e9cnico Daikin M\u00e1laga. Acontermica.","description":"Climatizaci\u00f3n, Aire acondicionado, M\u00e1laga","potentialAction":[{"@type":"SearchAction","target":{"@type":"EntryPoint","urlTemplate":"https:\/\/acontermica.es\/?s={search_term_string}"},"query-input":{"@type":"PropertyValueSpecification","valueRequired":true,"valueName":"search_term_string"}}],"inLanguage":"en-US"}]}},"_links":{"self":[{"href":"https:\/\/acontermica.es\/en\/wp-json\/wp\/v2\/pages\/4692","targetHints":{"allow":["GET"]}}],"collection":[{"href":"https:\/\/acontermica.es\/en\/wp-json\/wp\/v2\/pages"}],"about":[{"href":"https:\/\/acontermica.es\/en\/wp-json\/wp\/v2\/types\/page"}],"author":[{"embeddable":true,"href":"https:\/\/acontermica.es\/en\/wp-json\/wp\/v2\/users\/2"}],"replies":[{"embeddable":true,"href":"https:\/\/acontermica.es\/en\/wp-json\/wp\/v2\/comments?post=4692"}],"version-history":[{"count":3,"href":"https:\/\/acontermica.es\/en\/wp-json\/wp\/v2\/pages\/4692\/revisions"}],"predecessor-version":[{"id":4695,"href":"https:\/\/acontermica.es\/en\/wp-json\/wp\/v2\/pages\/4692\/revisions\/4695"}],"wp:attachment":[{"href":"https:\/\/acontermica.es\/en\/wp-json\/wp\/v2\/media?parent=4692"}],"curies":[{"name":"wp","href":"https:\/\/api.w.org\/{rel}","templated":true}]}}