{"id":4687,"date":"2015-12-21T05:10:59","date_gmt":"2015-12-21T05:10:59","guid":{"rendered":"http:\/\/acontermica.es\/en\/conductos\/"},"modified":"2016-09-05T13:58:09","modified_gmt":"2016-09-05T13:58:09","slug":"ducts","status":"publish","type":"page","link":"https:\/\/acontermica.es\/en\/ducts\/","title":{"rendered":"Ducts"},"content":{"rendered":"<div class=\"flex_column av_two_third  flex_column_div av-zero-column-padding first  avia-builder-el-0  el_before_av_one_third  avia-builder-el-first  \" style='border-radius:0px; '><section class=\"av_textblock_section \"  itemscope=\"itemscope\" itemtype=\"https:\/\/schema.org\/CreativeWork\" ><div class='avia_textblock  av_inherit_color '  style='color:#49649d; '  itemprop=\"text\" ><h3 style=\"text-align: left;\">Ducts<\/h3>\n<\/div><\/section><br \/>\n<section class=\"av_textblock_section \"  itemscope=\"itemscope\" itemtype=\"https:\/\/schema.org\/CreativeWork\" ><div class='avia_textblock  '   itemprop=\"text\" ><p><strong>The duct system<\/strong> provides a uniform temperature distribution, even in spaces with multiple subdivisions and large surfaces. A big <strong>advantage<\/strong> of <strong>air conditioning ducts<\/strong> is that you can control the temperature and airflow in each room or area of the premises or housing.<\/p>\n<p>The installation is completely integrated in the home or business, out of sight, in the ceiling or under the floor. The flexible ducting distributes conditioned air through vents located throughout the space. Distribution depends on the amount of airflow, being collected through a 45-degree angled grid and is released into the space through a double grated vent, exposing only the air intake and discharge, which is discrete and more esthetically pleasing.<\/p>\n<p>In a zoned system, <strong>each room has its own thermostat<\/strong> that is connected to a control unit. As soon as a room or area reach the desired temperature the grid closes, blocking the air entrance and will reopen as soon as the area needs air conditioning. Each space receives the right amount of cooling power, <strong>saving energy<\/strong> and ensuring comfort.<\/p>\n<\/div><\/section><\/p><\/div><div class=\"flex_column av_one_third  flex_column_div av-zero-column-padding   avia-builder-el-3  el_after_av_two_third  el_before_av_button  \" style='border-radius:0px; '><section class=\"av_textblock_section \"  itemscope=\"itemscope\" itemtype=\"https:\/\/schema.org\/CreativeWork\" ><div class='avia_textblock  '   itemprop=\"text\" ><p><img loading=\"lazy\" decoding=\"async\" class=\"alignnone size-full wp-image-3906\" src=\"http:\/\/acontermica.loading.net\/wp-content\/uploads\/2015\/12\/conductos.jpg\" alt=\"conductos\" width=\"383\" height=\"160\" srcset=\"https:\/\/acontermica.es\/wp-content\/uploads\/2015\/12\/conductos.jpg 383w, https:\/\/acontermica.es\/wp-content\/uploads\/2015\/12\/conductos-300x125.jpg 300w\" sizes=\"auto, (max-width: 383px) 100vw, 383px\" \/><\/p>\n<p><strong>Products and Technical Specifications:<\/strong><\/p>\n<p><a href=\"http:\/\/acontermica.es\/catalogos\/panasonic2015.pdf\" target=\"_blank\" rel=\"noopener\">Panasonic<\/a><br \/>\n<a href=\"http:\/\/acontermica.es\/catalogos\/MitsubishiElectric2015.pdf\" target=\"_blank\" rel=\"noopener\">Mitsubishi Electric<\/a><br \/>\n<a href=\"http:\/\/acontermica.es\/catalogos\/fujitsu.pdf\" target=\"_blank\" rel=\"noopener\">Fujitsu<\/a><br \/>\n<a href=\"http:\/\/acontermica.es\/catalogos\/catalogoMDV2015.pdf\" target=\"_blank\" rel=\"noopener\">MDV<\/a><br \/>\n<a href=\"http:\/\/acontermica.es\/catalogos\/Daikin2015.pdf\" target=\"_blank\" rel=\"noopener\">Daikin<\/a><br \/>\n<a href=\"http:\/\/acontermica.es\/catalogos\/calefacciondaikin.pdf\" target=\"_blank\" rel=\"noopener\">Calefacci\u00f3n Daikin<\/a><\/p>\n<\/div><\/section><\/div><div  class='avia-button-wrap avia-button-center  avia-builder-el-5  el_after_av_one_third  avia-builder-el-last ' ><a href='javascript:history.go(-1)'  class='avia-button  avia-color-theme-color   avia-icon_select-yes-left-icon avia-size-large avia-position-center '   ><span class='avia_button_icon avia_button_icon_left ' aria-hidden='true' data-av_icon='\ue880' data-av_iconfont='entypo-fontello'><\/span><span class='avia_iconbox_title' >Volver al gr\u00e1fico<\/span><\/a><\/div><\/p>\n","protected":false},"excerpt":{"rendered":"","protected":false},"author":2,"featured_media":0,"parent":0,"menu_order":0,"comment_status":"closed","ping_status":"closed","template":"","meta":{"footnotes":""},"class_list":["post-4687","page","type-page","status-publish","hentry"],"yoast_head":"<!-- This site is optimized with the Yoast SEO plugin v27.3 - https:\/\/yoast.com\/product\/yoast-seo-wordpress\/ -->\n<title>Ducts - Servicio T\u00e9cnico Daikin M\u00e1laga. Acontermica.<\/title>\n<meta name=\"robots\" content=\"index, follow, max-snippet:-1, max-image-preview:large, max-video-preview:-1\" \/>\n<link rel=\"canonical\" href=\"https:\/\/acontermica.es\/en\/ducts\/\" \/>\n<meta property=\"og:locale\" content=\"en_US\" \/>\n<meta property=\"og:type\" content=\"article\" \/>\n<meta property=\"og:title\" content=\"Ducts - Servicio T\u00e9cnico Daikin M\u00e1laga. Acontermica.\" \/>\n<meta property=\"og:url\" content=\"https:\/\/acontermica.es\/en\/ducts\/\" \/>\n<meta property=\"og:site_name\" content=\"Servicio T\u00e9cnico Daikin M\u00e1laga. Acontermica.\" \/>\n<meta property=\"article:publisher\" content=\"https:\/\/www.facebook.com\/acontermica\" \/>\n<meta property=\"article:modified_time\" content=\"2016-09-05T13:58:09+00:00\" \/>\n<meta property=\"og:image\" content=\"http:\/\/acontermica.loading.net\/wp-content\/uploads\/2015\/12\/conductos.jpg\" \/>\n<meta name=\"twitter:card\" content=\"summary_large_image\" \/>\n<meta name=\"twitter:label1\" content=\"Est. reading time\" \/>\n\t<meta name=\"twitter:data1\" content=\"2 minutes\" \/>\n<script type=\"application\/ld+json\" class=\"yoast-schema-graph\">{\"@context\":\"https:\\\/\\\/schema.org\",\"@graph\":[{\"@type\":\"WebPage\",\"@id\":\"https:\\\/\\\/acontermica.es\\\/en\\\/ducts\\\/\",\"url\":\"https:\\\/\\\/acontermica.es\\\/en\\\/ducts\\\/\",\"name\":\"Ducts - Servicio T\u00e9cnico Daikin M\u00e1laga. Acontermica.\",\"isPartOf\":{\"@id\":\"https:\\\/\\\/acontermica.es\\\/#website\"},\"primaryImageOfPage\":{\"@id\":\"https:\\\/\\\/acontermica.es\\\/en\\\/ducts\\\/#primaryimage\"},\"image\":{\"@id\":\"https:\\\/\\\/acontermica.es\\\/en\\\/ducts\\\/#primaryimage\"},\"thumbnailUrl\":\"http:\\\/\\\/acontermica.loading.net\\\/wp-content\\\/uploads\\\/2015\\\/12\\\/conductos.jpg\",\"datePublished\":\"2015-12-21T05:10:59+00:00\",\"dateModified\":\"2016-09-05T13:58:09+00:00\",\"breadcrumb\":{\"@id\":\"https:\\\/\\\/acontermica.es\\\/en\\\/ducts\\\/#breadcrumb\"},\"inLanguage\":\"en-US\",\"potentialAction\":[{\"@type\":\"ReadAction\",\"target\":[\"https:\\\/\\\/acontermica.es\\\/en\\\/ducts\\\/\"]}]},{\"@type\":\"ImageObject\",\"inLanguage\":\"en-US\",\"@id\":\"https:\\\/\\\/acontermica.es\\\/en\\\/ducts\\\/#primaryimage\",\"url\":\"http:\\\/\\\/acontermica.loading.net\\\/wp-content\\\/uploads\\\/2015\\\/12\\\/conductos.jpg\",\"contentUrl\":\"http:\\\/\\\/acontermica.loading.net\\\/wp-content\\\/uploads\\\/2015\\\/12\\\/conductos.jpg\"},{\"@type\":\"BreadcrumbList\",\"@id\":\"https:\\\/\\\/acontermica.es\\\/en\\\/ducts\\\/#breadcrumb\",\"itemListElement\":[{\"@type\":\"ListItem\",\"position\":1,\"name\":\"Portada\",\"item\":\"https:\\\/\\\/acontermica.es\\\/en\\\/\"},{\"@type\":\"ListItem\",\"position\":2,\"name\":\"Ducts\"}]},{\"@type\":\"WebSite\",\"@id\":\"https:\\\/\\\/acontermica.es\\\/#website\",\"url\":\"https:\\\/\\\/acontermica.es\\\/\",\"name\":\"Servicio T\u00e9cnico Daikin M\u00e1laga. Acontermica.\",\"description\":\"Climatizaci\u00f3n, Aire acondicionado, M\u00e1laga\",\"potentialAction\":[{\"@type\":\"SearchAction\",\"target\":{\"@type\":\"EntryPoint\",\"urlTemplate\":\"https:\\\/\\\/acontermica.es\\\/?s={search_term_string}\"},\"query-input\":{\"@type\":\"PropertyValueSpecification\",\"valueRequired\":true,\"valueName\":\"search_term_string\"}}],\"inLanguage\":\"en-US\"}]}<\/script>\n<!-- \/ Yoast SEO plugin. -->","yoast_head_json":{"title":"Ducts - Servicio T\u00e9cnico Daikin M\u00e1laga. Acontermica.","robots":{"index":"index","follow":"follow","max-snippet":"max-snippet:-1","max-image-preview":"max-image-preview:large","max-video-preview":"max-video-preview:-1"},"canonical":"https:\/\/acontermica.es\/en\/ducts\/","og_locale":"en_US","og_type":"article","og_title":"Ducts - Servicio T\u00e9cnico Daikin M\u00e1laga. Acontermica.","og_url":"https:\/\/acontermica.es\/en\/ducts\/","og_site_name":"Servicio T\u00e9cnico Daikin M\u00e1laga. Acontermica.","article_publisher":"https:\/\/www.facebook.com\/acontermica","article_modified_time":"2016-09-05T13:58:09+00:00","og_image":[{"url":"http:\/\/acontermica.loading.net\/wp-content\/uploads\/2015\/12\/conductos.jpg","type":"","width":"","height":""}],"twitter_card":"summary_large_image","twitter_misc":{"Est. reading time":"2 minutes"},"schema":{"@context":"https:\/\/schema.org","@graph":[{"@type":"WebPage","@id":"https:\/\/acontermica.es\/en\/ducts\/","url":"https:\/\/acontermica.es\/en\/ducts\/","name":"Ducts - Servicio T\u00e9cnico Daikin M\u00e1laga. Acontermica.","isPartOf":{"@id":"https:\/\/acontermica.es\/#website"},"primaryImageOfPage":{"@id":"https:\/\/acontermica.es\/en\/ducts\/#primaryimage"},"image":{"@id":"https:\/\/acontermica.es\/en\/ducts\/#primaryimage"},"thumbnailUrl":"http:\/\/acontermica.loading.net\/wp-content\/uploads\/2015\/12\/conductos.jpg","datePublished":"2015-12-21T05:10:59+00:00","dateModified":"2016-09-05T13:58:09+00:00","breadcrumb":{"@id":"https:\/\/acontermica.es\/en\/ducts\/#breadcrumb"},"inLanguage":"en-US","potentialAction":[{"@type":"ReadAction","target":["https:\/\/acontermica.es\/en\/ducts\/"]}]},{"@type":"ImageObject","inLanguage":"en-US","@id":"https:\/\/acontermica.es\/en\/ducts\/#primaryimage","url":"http:\/\/acontermica.loading.net\/wp-content\/uploads\/2015\/12\/conductos.jpg","contentUrl":"http:\/\/acontermica.loading.net\/wp-content\/uploads\/2015\/12\/conductos.jpg"},{"@type":"BreadcrumbList","@id":"https:\/\/acontermica.es\/en\/ducts\/#breadcrumb","itemListElement":[{"@type":"ListItem","position":1,"name":"Portada","item":"https:\/\/acontermica.es\/en\/"},{"@type":"ListItem","position":2,"name":"Ducts"}]},{"@type":"WebSite","@id":"https:\/\/acontermica.es\/#website","url":"https:\/\/acontermica.es\/","name":"Servicio T\u00e9cnico Daikin M\u00e1laga. Acontermica.","description":"Climatizaci\u00f3n, Aire acondicionado, M\u00e1laga","potentialAction":[{"@type":"SearchAction","target":{"@type":"EntryPoint","urlTemplate":"https:\/\/acontermica.es\/?s={search_term_string}"},"query-input":{"@type":"PropertyValueSpecification","valueRequired":true,"valueName":"search_term_string"}}],"inLanguage":"en-US"}]}},"_links":{"self":[{"href":"https:\/\/acontermica.es\/en\/wp-json\/wp\/v2\/pages\/4687","targetHints":{"allow":["GET"]}}],"collection":[{"href":"https:\/\/acontermica.es\/en\/wp-json\/wp\/v2\/pages"}],"about":[{"href":"https:\/\/acontermica.es\/en\/wp-json\/wp\/v2\/types\/page"}],"author":[{"embeddable":true,"href":"https:\/\/acontermica.es\/en\/wp-json\/wp\/v2\/users\/2"}],"replies":[{"embeddable":true,"href":"https:\/\/acontermica.es\/en\/wp-json\/wp\/v2\/comments?post=4687"}],"version-history":[{"count":4,"href":"https:\/\/acontermica.es\/en\/wp-json\/wp\/v2\/pages\/4687\/revisions"}],"predecessor-version":[{"id":4691,"href":"https:\/\/acontermica.es\/en\/wp-json\/wp\/v2\/pages\/4687\/revisions\/4691"}],"wp:attachment":[{"href":"https:\/\/acontermica.es\/en\/wp-json\/wp\/v2\/media?parent=4687"}],"curies":[{"name":"wp","href":"https:\/\/api.w.org\/{rel}","templated":true}]}}