{"id":4681,"date":"2015-12-20T19:24:36","date_gmt":"2015-12-20T19:24:36","guid":{"rendered":"http:\/\/acontermica.es\/en\/unidad-exterior\/"},"modified":"2016-09-05T09:43:44","modified_gmt":"2016-09-05T09:43:44","slug":"outdoor-unit","status":"publish","type":"page","link":"https:\/\/acontermica.es\/en\/outdoor-unit\/","title":{"rendered":"Outdoor Unit"},"content":{"rendered":"<div id='av_section_1'  class='avia-section main_color avia-section-default avia-no-shadow  avia-bg-style-scroll  avia-builder-el-0  avia-builder-el-no-sibling   container_wrap sidebar_right' style=' '  ><div class='container' ><main  role=\"main\" itemprop=\"mainContentOfPage\"  class='template-page content  av-content-small alpha units'><div class='post-entry post-entry-type-page post-entry-4681'><div class='entry-content-wrapper clearfix'>\n<div class=\"flex_column av_two_fifth  flex_column_div av-zero-column-padding first  avia-builder-el-1  el_before_av_three_fifth  avia-builder-el-first  \" style='border-radius:0px; '><section class=\"av_textblock_section \"  itemscope=\"itemscope\" itemtype=\"https:\/\/schema.org\/CreativeWork\" ><div class='avia_textblock  av_inherit_color '  style='color:#49649d; '  itemprop=\"text\" ><h3 style=\"text-align: left;\"><strong>Outdoor Unit<\/strong><\/h3>\n<\/div><\/section><br \/>\n<section class=\"av_textblock_section \"  itemscope=\"itemscope\" itemtype=\"https:\/\/schema.org\/CreativeWork\" ><div class='avia_textblock  '   itemprop=\"text\" ><p>The <strong>outdoor unit<\/strong> includes a heat pump, which extracts heat from the ambient air and transfers it to the indoor unit via refrigerant piping.\u00a0The unit is compact and easy to install.<\/p>\n<p>This system has a reversible cycle, which allows it to both extract and insert energy in order to cool or heat with the same system, controlling the starting, stopping and reversible cycle automatically. Thanks to its versatility it is possible to use these heat pumps which are able to heat a pool as well as control the temperatures in a greenhouse.<\/p>\n<ul>\n<li>Altherma: <a href=\"http:\/\/www.daikin.es\/climatizacion-para-su-hogar\/calefaccion-daikin-altherma\/\" target=\"_blank\" rel=\"noopener\">http:\/\/www.daikin.es\/climatizacion-para-su-hogar\/calefaccion-daikin-altherma\/<\/a><\/li>\n<li><span id=\"result_box\" class=\"short_text\" lang=\"en\">Thermodynamic Solar <span class=\"\">System<\/span><\/span><\/li>\n<\/ul>\n<\/div><\/section><br \/>\n<div  class='avia-button-wrap avia-button-center  avia-builder-el-4  el_after_av_textblock  avia-builder-el-last ' ><a href='javascript:history.go(-1)'  class='avia-button  avia-color-theme-color   avia-icon_select-yes-left-icon avia-size-large avia-position-center '   ><span class='avia_button_icon avia_button_icon_left ' aria-hidden='true' data-av_icon='\ue880' data-av_iconfont='entypo-fontello'><\/span><span class='avia_iconbox_title' >Back<\/span><\/a><\/div><\/p><\/div><div class=\"flex_column av_three_fifth  flex_column_div av-zero-column-padding   avia-builder-el-5  el_after_av_two_fifth  avia-builder-el-last  \" style='border-radius:0px; '><section class=\"av_textblock_section \"  itemscope=\"itemscope\" itemtype=\"https:\/\/schema.org\/CreativeWork\" ><div class='avia_textblock  '   itemprop=\"text\" ><p><img loading=\"lazy\" decoding=\"async\" class=\"alignnone wp-image-3781 size-full\" title=\"Sistema solar termodin\u00e1mico\" src=\"http:\/\/acontermica.loading.net\/wp-content\/uploads\/2015\/12\/sistemasolartermodinamico.gif\" alt=\"Sistema solar termodin\u00e1mico\" width=\"857\" height=\"615\" \/><\/p>\n<\/div><\/section><\/div><\/div><\/div><\/main><!-- close content main element --><\/div><\/div><div id='after_section_1'  class='main_color av_default_container_wrap container_wrap sidebar_right' style=' '  ><div class='container' ><div class='template-page content  av-content-small alpha units'><div class='post-entry post-entry-type-page post-entry-4681'><div class='entry-content-wrapper clearfix'>\n","protected":false},"excerpt":{"rendered":"","protected":false},"author":2,"featured_media":0,"parent":0,"menu_order":0,"comment_status":"closed","ping_status":"closed","template":"","meta":{"footnotes":""},"class_list":["post-4681","page","type-page","status-publish","hentry"],"yoast_head":"<!-- This site is optimized with the Yoast SEO plugin v27.3 - https:\/\/yoast.com\/product\/yoast-seo-wordpress\/ -->\n<title>Outdoor Unit - Servicio T\u00e9cnico Daikin M\u00e1laga. Acontermica.<\/title>\n<meta name=\"robots\" content=\"index, follow, max-snippet:-1, max-image-preview:large, max-video-preview:-1\" \/>\n<link rel=\"canonical\" href=\"https:\/\/acontermica.es\/en\/outdoor-unit\/\" \/>\n<meta property=\"og:locale\" content=\"en_US\" \/>\n<meta property=\"og:type\" content=\"article\" \/>\n<meta property=\"og:title\" content=\"Outdoor Unit - Servicio T\u00e9cnico Daikin M\u00e1laga. Acontermica.\" \/>\n<meta property=\"og:url\" content=\"https:\/\/acontermica.es\/en\/outdoor-unit\/\" \/>\n<meta property=\"og:site_name\" content=\"Servicio T\u00e9cnico Daikin M\u00e1laga. Acontermica.\" \/>\n<meta property=\"article:publisher\" content=\"https:\/\/www.facebook.com\/acontermica\" \/>\n<meta property=\"article:modified_time\" content=\"2016-09-05T09:43:44+00:00\" \/>\n<meta property=\"og:image\" content=\"http:\/\/acontermica.loading.net\/wp-content\/uploads\/2015\/12\/sistemasolartermodinamico.gif\" \/>\n<meta name=\"twitter:card\" content=\"summary_large_image\" \/>\n<meta name=\"twitter:label1\" content=\"Est. reading time\" \/>\n\t<meta name=\"twitter:data1\" content=\"2 minutes\" \/>\n<script type=\"application\/ld+json\" class=\"yoast-schema-graph\">{\"@context\":\"https:\\\/\\\/schema.org\",\"@graph\":[{\"@type\":\"WebPage\",\"@id\":\"https:\\\/\\\/acontermica.es\\\/en\\\/outdoor-unit\\\/\",\"url\":\"https:\\\/\\\/acontermica.es\\\/en\\\/outdoor-unit\\\/\",\"name\":\"Outdoor Unit - Servicio T\u00e9cnico Daikin M\u00e1laga. Acontermica.\",\"isPartOf\":{\"@id\":\"https:\\\/\\\/acontermica.es\\\/#website\"},\"primaryImageOfPage\":{\"@id\":\"https:\\\/\\\/acontermica.es\\\/en\\\/outdoor-unit\\\/#primaryimage\"},\"image\":{\"@id\":\"https:\\\/\\\/acontermica.es\\\/en\\\/outdoor-unit\\\/#primaryimage\"},\"thumbnailUrl\":\"http:\\\/\\\/acontermica.loading.net\\\/wp-content\\\/uploads\\\/2015\\\/12\\\/sistemasolartermodinamico.gif\",\"datePublished\":\"2015-12-20T19:24:36+00:00\",\"dateModified\":\"2016-09-05T09:43:44+00:00\",\"breadcrumb\":{\"@id\":\"https:\\\/\\\/acontermica.es\\\/en\\\/outdoor-unit\\\/#breadcrumb\"},\"inLanguage\":\"en-US\",\"potentialAction\":[{\"@type\":\"ReadAction\",\"target\":[\"https:\\\/\\\/acontermica.es\\\/en\\\/outdoor-unit\\\/\"]}]},{\"@type\":\"ImageObject\",\"inLanguage\":\"en-US\",\"@id\":\"https:\\\/\\\/acontermica.es\\\/en\\\/outdoor-unit\\\/#primaryimage\",\"url\":\"http:\\\/\\\/acontermica.loading.net\\\/wp-content\\\/uploads\\\/2015\\\/12\\\/sistemasolartermodinamico.gif\",\"contentUrl\":\"http:\\\/\\\/acontermica.loading.net\\\/wp-content\\\/uploads\\\/2015\\\/12\\\/sistemasolartermodinamico.gif\"},{\"@type\":\"BreadcrumbList\",\"@id\":\"https:\\\/\\\/acontermica.es\\\/en\\\/outdoor-unit\\\/#breadcrumb\",\"itemListElement\":[{\"@type\":\"ListItem\",\"position\":1,\"name\":\"Portada\",\"item\":\"https:\\\/\\\/acontermica.es\\\/en\\\/\"},{\"@type\":\"ListItem\",\"position\":2,\"name\":\"Outdoor Unit\"}]},{\"@type\":\"WebSite\",\"@id\":\"https:\\\/\\\/acontermica.es\\\/#website\",\"url\":\"https:\\\/\\\/acontermica.es\\\/\",\"name\":\"Servicio T\u00e9cnico Daikin M\u00e1laga. Acontermica.\",\"description\":\"Climatizaci\u00f3n, Aire acondicionado, M\u00e1laga\",\"potentialAction\":[{\"@type\":\"SearchAction\",\"target\":{\"@type\":\"EntryPoint\",\"urlTemplate\":\"https:\\\/\\\/acontermica.es\\\/?s={search_term_string}\"},\"query-input\":{\"@type\":\"PropertyValueSpecification\",\"valueRequired\":true,\"valueName\":\"search_term_string\"}}],\"inLanguage\":\"en-US\"}]}<\/script>\n<!-- \/ Yoast SEO plugin. -->","yoast_head_json":{"title":"Outdoor Unit - Servicio T\u00e9cnico Daikin M\u00e1laga. Acontermica.","robots":{"index":"index","follow":"follow","max-snippet":"max-snippet:-1","max-image-preview":"max-image-preview:large","max-video-preview":"max-video-preview:-1"},"canonical":"https:\/\/acontermica.es\/en\/outdoor-unit\/","og_locale":"en_US","og_type":"article","og_title":"Outdoor Unit - Servicio T\u00e9cnico Daikin M\u00e1laga. Acontermica.","og_url":"https:\/\/acontermica.es\/en\/outdoor-unit\/","og_site_name":"Servicio T\u00e9cnico Daikin M\u00e1laga. Acontermica.","article_publisher":"https:\/\/www.facebook.com\/acontermica","article_modified_time":"2016-09-05T09:43:44+00:00","og_image":[{"url":"http:\/\/acontermica.loading.net\/wp-content\/uploads\/2015\/12\/sistemasolartermodinamico.gif","type":"","width":"","height":""}],"twitter_card":"summary_large_image","twitter_misc":{"Est. reading time":"2 minutes"},"schema":{"@context":"https:\/\/schema.org","@graph":[{"@type":"WebPage","@id":"https:\/\/acontermica.es\/en\/outdoor-unit\/","url":"https:\/\/acontermica.es\/en\/outdoor-unit\/","name":"Outdoor Unit - Servicio T\u00e9cnico Daikin M\u00e1laga. Acontermica.","isPartOf":{"@id":"https:\/\/acontermica.es\/#website"},"primaryImageOfPage":{"@id":"https:\/\/acontermica.es\/en\/outdoor-unit\/#primaryimage"},"image":{"@id":"https:\/\/acontermica.es\/en\/outdoor-unit\/#primaryimage"},"thumbnailUrl":"http:\/\/acontermica.loading.net\/wp-content\/uploads\/2015\/12\/sistemasolartermodinamico.gif","datePublished":"2015-12-20T19:24:36+00:00","dateModified":"2016-09-05T09:43:44+00:00","breadcrumb":{"@id":"https:\/\/acontermica.es\/en\/outdoor-unit\/#breadcrumb"},"inLanguage":"en-US","potentialAction":[{"@type":"ReadAction","target":["https:\/\/acontermica.es\/en\/outdoor-unit\/"]}]},{"@type":"ImageObject","inLanguage":"en-US","@id":"https:\/\/acontermica.es\/en\/outdoor-unit\/#primaryimage","url":"http:\/\/acontermica.loading.net\/wp-content\/uploads\/2015\/12\/sistemasolartermodinamico.gif","contentUrl":"http:\/\/acontermica.loading.net\/wp-content\/uploads\/2015\/12\/sistemasolartermodinamico.gif"},{"@type":"BreadcrumbList","@id":"https:\/\/acontermica.es\/en\/outdoor-unit\/#breadcrumb","itemListElement":[{"@type":"ListItem","position":1,"name":"Portada","item":"https:\/\/acontermica.es\/en\/"},{"@type":"ListItem","position":2,"name":"Outdoor Unit"}]},{"@type":"WebSite","@id":"https:\/\/acontermica.es\/#website","url":"https:\/\/acontermica.es\/","name":"Servicio T\u00e9cnico Daikin M\u00e1laga. Acontermica.","description":"Climatizaci\u00f3n, Aire acondicionado, M\u00e1laga","potentialAction":[{"@type":"SearchAction","target":{"@type":"EntryPoint","urlTemplate":"https:\/\/acontermica.es\/?s={search_term_string}"},"query-input":{"@type":"PropertyValueSpecification","valueRequired":true,"valueName":"search_term_string"}}],"inLanguage":"en-US"}]}},"_links":{"self":[{"href":"https:\/\/acontermica.es\/en\/wp-json\/wp\/v2\/pages\/4681","targetHints":{"allow":["GET"]}}],"collection":[{"href":"https:\/\/acontermica.es\/en\/wp-json\/wp\/v2\/pages"}],"about":[{"href":"https:\/\/acontermica.es\/en\/wp-json\/wp\/v2\/types\/page"}],"author":[{"embeddable":true,"href":"https:\/\/acontermica.es\/en\/wp-json\/wp\/v2\/users\/2"}],"replies":[{"embeddable":true,"href":"https:\/\/acontermica.es\/en\/wp-json\/wp\/v2\/comments?post=4681"}],"version-history":[{"count":2,"href":"https:\/\/acontermica.es\/en\/wp-json\/wp\/v2\/pages\/4681\/revisions"}],"predecessor-version":[{"id":4683,"href":"https:\/\/acontermica.es\/en\/wp-json\/wp\/v2\/pages\/4681\/revisions\/4683"}],"wp:attachment":[{"href":"https:\/\/acontermica.es\/en\/wp-json\/wp\/v2\/media?parent=4681"}],"curies":[{"name":"wp","href":"https:\/\/api.w.org\/{rel}","templated":true}]}}