{"id":4677,"date":"2015-12-21T00:17:05","date_gmt":"2015-12-21T00:17:05","guid":{"rendered":"http:\/\/acontermica.es\/en\/deposito-acs\/"},"modified":"2016-09-05T07:39:51","modified_gmt":"2016-09-05T07:39:51","slug":"deposito-acs","status":"publish","type":"page","link":"https:\/\/acontermica.es\/en\/deposito-acs\/","title":{"rendered":"Domestic Hot Water Tank"},"content":{"rendered":"<div class=\"flex_column av_one_fourth  flex_column_div av-zero-column-padding first  avia-builder-el-0  el_before_av_one_half  avia-builder-el-first  \" style='border-radius:0px; '><\/div>\n<div class=\"flex_column av_one_half  flex_column_div av-zero-column-padding   avia-builder-el-1  el_after_av_one_fourth  el_before_av_one_fourth  \" style='border-radius:0px; '><section class=\"av_textblock_section \"  itemscope=\"itemscope\" itemtype=\"https:\/\/schema.org\/CreativeWork\" ><div class='avia_textblock  av_inherit_color '  style='color:#49649d; '  itemprop=\"text\" ><h3 style=\"text-align: left;\"><strong>Domestic Hot Water Tank<\/strong><\/h3>\n<\/div><\/section><br \/>\n<section class=\"av_textblock_section \"  itemscope=\"itemscope\" itemtype=\"https:\/\/schema.org\/CreativeWork\" ><div class='avia_textblock  '   itemprop=\"text\" ><p>Con este <strong>dep\u00f3sito<\/strong> se garantiza el <strong>agua caliente sanitaria<\/strong> <strong>(ACS)<\/strong> de la vivienda, ya que la energ\u00eda transformada del aire en calor es almacenada en el dep\u00f3sito, con lo que permite hacer frente a fuertes demandas.<\/p>\n<\/div><\/section><br \/>\n<div  class='avia-button-wrap avia-button-center  avia-builder-el-4  el_after_av_textblock  avia-builder-el-last ' ><a href='javascript:history.go(-1)'  class='avia-button  avia-color-theme-color   avia-icon_select-yes-left-icon avia-size-large avia-position-center '   ><span class='avia_button_icon avia_button_icon_left ' aria-hidden='true' data-av_icon='\ue880' data-av_iconfont='entypo-fontello'><\/span><span class='avia_iconbox_title' >Back<\/span><\/a><\/div><\/p><\/div><div class=\"flex_column av_one_fourth  flex_column_div av-zero-column-padding   avia-builder-el-5  el_after_av_one_half  avia-builder-el-last  \" style='border-radius:0px; '><\/div><\/p>\n","protected":false},"excerpt":{"rendered":"","protected":false},"author":2,"featured_media":0,"parent":0,"menu_order":0,"comment_status":"closed","ping_status":"closed","template":"","meta":{"footnotes":""},"class_list":["post-4677","page","type-page","status-publish","hentry"],"yoast_head":"<!-- This site is optimized with the Yoast SEO plugin v27.3 - https:\/\/yoast.com\/product\/yoast-seo-wordpress\/ -->\n<title>Domestic Hot Water Tank - Servicio T\u00e9cnico Daikin M\u00e1laga. Acontermica.<\/title>\n<meta name=\"robots\" content=\"index, follow, max-snippet:-1, max-image-preview:large, max-video-preview:-1\" \/>\n<link rel=\"canonical\" href=\"https:\/\/acontermica.es\/en\/deposito-acs\/\" \/>\n<meta property=\"og:locale\" content=\"en_US\" \/>\n<meta property=\"og:type\" content=\"article\" \/>\n<meta property=\"og:title\" content=\"Domestic Hot Water Tank - Servicio T\u00e9cnico Daikin M\u00e1laga. Acontermica.\" \/>\n<meta property=\"og:url\" content=\"https:\/\/acontermica.es\/en\/deposito-acs\/\" \/>\n<meta property=\"og:site_name\" content=\"Servicio T\u00e9cnico Daikin M\u00e1laga. Acontermica.\" \/>\n<meta property=\"article:publisher\" content=\"https:\/\/www.facebook.com\/acontermica\" \/>\n<meta property=\"article:modified_time\" content=\"2016-09-05T07:39:51+00:00\" \/>\n<meta name=\"twitter:card\" content=\"summary_large_image\" \/>\n<meta name=\"twitter:label1\" content=\"Est. reading time\" \/>\n\t<meta name=\"twitter:data1\" content=\"1 minute\" \/>\n<script type=\"application\/ld+json\" class=\"yoast-schema-graph\">{\"@context\":\"https:\\\/\\\/schema.org\",\"@graph\":[{\"@type\":\"WebPage\",\"@id\":\"https:\\\/\\\/acontermica.es\\\/en\\\/deposito-acs\\\/\",\"url\":\"https:\\\/\\\/acontermica.es\\\/en\\\/deposito-acs\\\/\",\"name\":\"Domestic Hot Water Tank - Servicio T\u00e9cnico Daikin M\u00e1laga. Acontermica.\",\"isPartOf\":{\"@id\":\"https:\\\/\\\/acontermica.es\\\/#website\"},\"datePublished\":\"2015-12-21T00:17:05+00:00\",\"dateModified\":\"2016-09-05T07:39:51+00:00\",\"breadcrumb\":{\"@id\":\"https:\\\/\\\/acontermica.es\\\/en\\\/deposito-acs\\\/#breadcrumb\"},\"inLanguage\":\"en-US\",\"potentialAction\":[{\"@type\":\"ReadAction\",\"target\":[\"https:\\\/\\\/acontermica.es\\\/en\\\/deposito-acs\\\/\"]}]},{\"@type\":\"BreadcrumbList\",\"@id\":\"https:\\\/\\\/acontermica.es\\\/en\\\/deposito-acs\\\/#breadcrumb\",\"itemListElement\":[{\"@type\":\"ListItem\",\"position\":1,\"name\":\"Portada\",\"item\":\"https:\\\/\\\/acontermica.es\\\/en\\\/\"},{\"@type\":\"ListItem\",\"position\":2,\"name\":\"Domestic Hot Water Tank\"}]},{\"@type\":\"WebSite\",\"@id\":\"https:\\\/\\\/acontermica.es\\\/#website\",\"url\":\"https:\\\/\\\/acontermica.es\\\/\",\"name\":\"Servicio T\u00e9cnico Daikin M\u00e1laga. Acontermica.\",\"description\":\"Climatizaci\u00f3n, Aire acondicionado, M\u00e1laga\",\"potentialAction\":[{\"@type\":\"SearchAction\",\"target\":{\"@type\":\"EntryPoint\",\"urlTemplate\":\"https:\\\/\\\/acontermica.es\\\/?s={search_term_string}\"},\"query-input\":{\"@type\":\"PropertyValueSpecification\",\"valueRequired\":true,\"valueName\":\"search_term_string\"}}],\"inLanguage\":\"en-US\"}]}<\/script>\n<!-- \/ Yoast SEO plugin. -->","yoast_head_json":{"title":"Domestic Hot Water Tank - Servicio T\u00e9cnico Daikin M\u00e1laga. Acontermica.","robots":{"index":"index","follow":"follow","max-snippet":"max-snippet:-1","max-image-preview":"max-image-preview:large","max-video-preview":"max-video-preview:-1"},"canonical":"https:\/\/acontermica.es\/en\/deposito-acs\/","og_locale":"en_US","og_type":"article","og_title":"Domestic Hot Water Tank - Servicio T\u00e9cnico Daikin M\u00e1laga. Acontermica.","og_url":"https:\/\/acontermica.es\/en\/deposito-acs\/","og_site_name":"Servicio T\u00e9cnico Daikin M\u00e1laga. Acontermica.","article_publisher":"https:\/\/www.facebook.com\/acontermica","article_modified_time":"2016-09-05T07:39:51+00:00","twitter_card":"summary_large_image","twitter_misc":{"Est. reading time":"1 minute"},"schema":{"@context":"https:\/\/schema.org","@graph":[{"@type":"WebPage","@id":"https:\/\/acontermica.es\/en\/deposito-acs\/","url":"https:\/\/acontermica.es\/en\/deposito-acs\/","name":"Domestic Hot Water Tank - Servicio T\u00e9cnico Daikin M\u00e1laga. Acontermica.","isPartOf":{"@id":"https:\/\/acontermica.es\/#website"},"datePublished":"2015-12-21T00:17:05+00:00","dateModified":"2016-09-05T07:39:51+00:00","breadcrumb":{"@id":"https:\/\/acontermica.es\/en\/deposito-acs\/#breadcrumb"},"inLanguage":"en-US","potentialAction":[{"@type":"ReadAction","target":["https:\/\/acontermica.es\/en\/deposito-acs\/"]}]},{"@type":"BreadcrumbList","@id":"https:\/\/acontermica.es\/en\/deposito-acs\/#breadcrumb","itemListElement":[{"@type":"ListItem","position":1,"name":"Portada","item":"https:\/\/acontermica.es\/en\/"},{"@type":"ListItem","position":2,"name":"Domestic Hot Water Tank"}]},{"@type":"WebSite","@id":"https:\/\/acontermica.es\/#website","url":"https:\/\/acontermica.es\/","name":"Servicio T\u00e9cnico Daikin M\u00e1laga. Acontermica.","description":"Climatizaci\u00f3n, Aire acondicionado, M\u00e1laga","potentialAction":[{"@type":"SearchAction","target":{"@type":"EntryPoint","urlTemplate":"https:\/\/acontermica.es\/?s={search_term_string}"},"query-input":{"@type":"PropertyValueSpecification","valueRequired":true,"valueName":"search_term_string"}}],"inLanguage":"en-US"}]}},"_links":{"self":[{"href":"https:\/\/acontermica.es\/en\/wp-json\/wp\/v2\/pages\/4677","targetHints":{"allow":["GET"]}}],"collection":[{"href":"https:\/\/acontermica.es\/en\/wp-json\/wp\/v2\/pages"}],"about":[{"href":"https:\/\/acontermica.es\/en\/wp-json\/wp\/v2\/types\/page"}],"author":[{"embeddable":true,"href":"https:\/\/acontermica.es\/en\/wp-json\/wp\/v2\/users\/2"}],"replies":[{"embeddable":true,"href":"https:\/\/acontermica.es\/en\/wp-json\/wp\/v2\/comments?post=4677"}],"version-history":[{"count":1,"href":"https:\/\/acontermica.es\/en\/wp-json\/wp\/v2\/pages\/4677\/revisions"}],"predecessor-version":[{"id":4678,"href":"https:\/\/acontermica.es\/en\/wp-json\/wp\/v2\/pages\/4677\/revisions\/4678"}],"wp:attachment":[{"href":"https:\/\/acontermica.es\/en\/wp-json\/wp\/v2\/media?parent=4677"}],"curies":[{"name":"wp","href":"https:\/\/api.w.org\/{rel}","templated":true}]}}