{"id":4669,"date":"2015-12-21T01:09:00","date_gmt":"2015-12-21T01:09:00","guid":{"rendered":"http:\/\/acontermica.es\/en\/suelo-radiante\/"},"modified":"2016-09-04T23:30:27","modified_gmt":"2016-09-04T23:30:27","slug":"suelo-radiante","status":"publish","type":"page","link":"https:\/\/acontermica.es\/en\/suelo-radiante\/","title":{"rendered":"Heated Flooring"},"content":{"rendered":"<div class=\"flex_column av_three_fifth  flex_column_div av-zero-column-padding first  avia-builder-el-0  el_before_av_two_fifth  avia-builder-el-first  \" style='border-radius:0px; '><section class=\"av_textblock_section \"  itemscope=\"itemscope\" itemtype=\"https:\/\/schema.org\/CreativeWork\" ><div class='avia_textblock  av_inherit_color '  style='color:#49649d; '  itemprop=\"text\" ><h3 style=\"text-align: left;\"><strong>Heated Flooring<\/strong><\/h3>\n<\/div><\/section><br \/>\n<section class=\"av_textblock_section \"  itemscope=\"itemscope\" itemtype=\"https:\/\/schema.org\/CreativeWork\" ><div class='avia_textblock  '   itemprop=\"text\" ><p>Heated flooring <strong>distributes warmth throughout the home by heating the floor<\/strong>.<\/p>\n<p>This is a network of piping, which is installed under the floor that circulates hot water (between 30\u00ba-45\u00baC), increasing the floor temperature and heating the home.<\/p>\n<p>Unlike radiators, with <strong>heated flooring<\/strong> the thermal heating emission is much higher across the entire surface, which means <strong>lower temperatures<\/strong> and less energy is needed to distribute the same thermal power.<\/p>\n<p>Installation is very simple since the water circulates through pipes, which are arranged on a prefabricated coil, generating heat.<\/p>\n<p>This low temperature system provides <strong>huge savings<\/strong>, combining efficient heating systems, such as geothermal, aero-thermal and solar energy. Another advantage is annoying <strong>radiators<\/strong> are no longer needed and also it provides <strong>uniformed heat distribution<\/strong> throughout the house while the negative effects of air (such as dryness) generated by other systems are avoided.<\/p>\n<p>The only draw back of heated flooring we\u00b4ve heard from customer feed back is that it takes a while to notice once it is switched on, but as soon as it has reached the desired temperature it provides great comfort.<\/p>\n<p><strong>\u00a0.<\/strong><\/p>\n<\/div><\/section><\/p><\/div>\n<div class=\"flex_column av_two_fifth  flex_column_div av-zero-column-padding   avia-builder-el-3  el_after_av_three_fifth  avia-builder-el-last  \" style='border-radius:0px; '><p><section class=\"av_textblock_section \"  itemscope=\"itemscope\" itemtype=\"https:\/\/schema.org\/CreativeWork\" ><div class='avia_textblock  '   itemprop=\"text\" ><p><img loading=\"lazy\" decoding=\"async\" class=\"alignnone wp-image-4385 size-full\" title=\"Suelo radiante en M\u00e1laga y Marbella\" src=\"http:\/\/acontermica.es\/wp-content\/uploads\/2015\/12\/suelo-radiante-grafico.jpg\" alt=\"Suelo radiante\" width=\"600\" height=\"276\" srcset=\"https:\/\/acontermica.es\/wp-content\/uploads\/2015\/12\/suelo-radiante-grafico.jpg 600w, https:\/\/acontermica.es\/wp-content\/uploads\/2015\/12\/suelo-radiante-grafico-300x138.jpg 300w, https:\/\/acontermica.es\/wp-content\/uploads\/2015\/12\/suelo-radiante-grafico-450x207.jpg 450w\" sizes=\"auto, (max-width: 600px) 100vw, 600px\" \/><\/p>\n<p>For more information about installing floor heating in your home or business, <strong><a href=\"http:\/\/acontermica.es\/en\/contact\/\">contact us<\/a><\/strong>.<\/p>\n<\/div><\/section><br \/>\n<div  class='avia-button-wrap avia-button-center  avia-builder-el-5  el_after_av_textblock  avia-builder-el-last ' ><a href='javascript:history.go(-1)'  class='avia-button  avia-color-theme-color   avia-icon_select-yes-left-icon avia-size-large avia-position-center '   ><span class='avia_button_icon avia_button_icon_left ' aria-hidden='true' data-av_icon='\ue880' data-av_iconfont='entypo-fontello'><\/span><span class='avia_iconbox_title' >Back<\/span><\/a><\/div><\/p><\/div>\n","protected":false},"excerpt":{"rendered":"","protected":false},"author":2,"featured_media":0,"parent":0,"menu_order":0,"comment_status":"closed","ping_status":"closed","template":"","meta":{"footnotes":""},"class_list":["post-4669","page","type-page","status-publish","hentry"],"yoast_head":"<!-- This site is optimized with the Yoast SEO plugin v27.3 - https:\/\/yoast.com\/product\/yoast-seo-wordpress\/ -->\n<title>Heated Flooring - Servicio T\u00e9cnico Daikin M\u00e1laga. Acontermica.<\/title>\n<meta name=\"robots\" content=\"index, follow, max-snippet:-1, max-image-preview:large, max-video-preview:-1\" \/>\n<link rel=\"canonical\" href=\"https:\/\/acontermica.es\/en\/suelo-radiante\/\" \/>\n<meta property=\"og:locale\" content=\"en_US\" \/>\n<meta property=\"og:type\" content=\"article\" \/>\n<meta property=\"og:title\" content=\"Heated Flooring - Servicio T\u00e9cnico Daikin M\u00e1laga. Acontermica.\" \/>\n<meta property=\"og:url\" content=\"https:\/\/acontermica.es\/en\/suelo-radiante\/\" \/>\n<meta property=\"og:site_name\" content=\"Servicio T\u00e9cnico Daikin M\u00e1laga. Acontermica.\" \/>\n<meta property=\"article:publisher\" content=\"https:\/\/www.facebook.com\/acontermica\" \/>\n<meta property=\"article:modified_time\" content=\"2016-09-04T23:30:27+00:00\" \/>\n<meta property=\"og:image\" content=\"http:\/\/acontermica.es\/wp-content\/uploads\/2015\/12\/suelo-radiante-grafico.jpg\" \/>\n<meta name=\"twitter:card\" content=\"summary_large_image\" \/>\n<meta name=\"twitter:label1\" content=\"Est. reading time\" \/>\n\t<meta name=\"twitter:data1\" content=\"2 minutes\" \/>\n<script type=\"application\/ld+json\" class=\"yoast-schema-graph\">{\"@context\":\"https:\\\/\\\/schema.org\",\"@graph\":[{\"@type\":\"WebPage\",\"@id\":\"https:\\\/\\\/acontermica.es\\\/en\\\/suelo-radiante\\\/\",\"url\":\"https:\\\/\\\/acontermica.es\\\/en\\\/suelo-radiante\\\/\",\"name\":\"Heated Flooring - Servicio T\u00e9cnico Daikin M\u00e1laga. Acontermica.\",\"isPartOf\":{\"@id\":\"https:\\\/\\\/acontermica.es\\\/#website\"},\"primaryImageOfPage\":{\"@id\":\"https:\\\/\\\/acontermica.es\\\/en\\\/suelo-radiante\\\/#primaryimage\"},\"image\":{\"@id\":\"https:\\\/\\\/acontermica.es\\\/en\\\/suelo-radiante\\\/#primaryimage\"},\"thumbnailUrl\":\"http:\\\/\\\/acontermica.es\\\/wp-content\\\/uploads\\\/2015\\\/12\\\/suelo-radiante-grafico.jpg\",\"datePublished\":\"2015-12-21T01:09:00+00:00\",\"dateModified\":\"2016-09-04T23:30:27+00:00\",\"breadcrumb\":{\"@id\":\"https:\\\/\\\/acontermica.es\\\/en\\\/suelo-radiante\\\/#breadcrumb\"},\"inLanguage\":\"en-US\",\"potentialAction\":[{\"@type\":\"ReadAction\",\"target\":[\"https:\\\/\\\/acontermica.es\\\/en\\\/suelo-radiante\\\/\"]}]},{\"@type\":\"ImageObject\",\"inLanguage\":\"en-US\",\"@id\":\"https:\\\/\\\/acontermica.es\\\/en\\\/suelo-radiante\\\/#primaryimage\",\"url\":\"http:\\\/\\\/acontermica.es\\\/wp-content\\\/uploads\\\/2015\\\/12\\\/suelo-radiante-grafico.jpg\",\"contentUrl\":\"http:\\\/\\\/acontermica.es\\\/wp-content\\\/uploads\\\/2015\\\/12\\\/suelo-radiante-grafico.jpg\"},{\"@type\":\"BreadcrumbList\",\"@id\":\"https:\\\/\\\/acontermica.es\\\/en\\\/suelo-radiante\\\/#breadcrumb\",\"itemListElement\":[{\"@type\":\"ListItem\",\"position\":1,\"name\":\"Portada\",\"item\":\"https:\\\/\\\/acontermica.es\\\/en\\\/\"},{\"@type\":\"ListItem\",\"position\":2,\"name\":\"Heated Flooring\"}]},{\"@type\":\"WebSite\",\"@id\":\"https:\\\/\\\/acontermica.es\\\/#website\",\"url\":\"https:\\\/\\\/acontermica.es\\\/\",\"name\":\"Servicio T\u00e9cnico Daikin M\u00e1laga. Acontermica.\",\"description\":\"Climatizaci\u00f3n, Aire acondicionado, M\u00e1laga\",\"potentialAction\":[{\"@type\":\"SearchAction\",\"target\":{\"@type\":\"EntryPoint\",\"urlTemplate\":\"https:\\\/\\\/acontermica.es\\\/?s={search_term_string}\"},\"query-input\":{\"@type\":\"PropertyValueSpecification\",\"valueRequired\":true,\"valueName\":\"search_term_string\"}}],\"inLanguage\":\"en-US\"}]}<\/script>\n<!-- \/ Yoast SEO plugin. -->","yoast_head_json":{"title":"Heated Flooring - Servicio T\u00e9cnico Daikin M\u00e1laga. Acontermica.","robots":{"index":"index","follow":"follow","max-snippet":"max-snippet:-1","max-image-preview":"max-image-preview:large","max-video-preview":"max-video-preview:-1"},"canonical":"https:\/\/acontermica.es\/en\/suelo-radiante\/","og_locale":"en_US","og_type":"article","og_title":"Heated Flooring - Servicio T\u00e9cnico Daikin M\u00e1laga. Acontermica.","og_url":"https:\/\/acontermica.es\/en\/suelo-radiante\/","og_site_name":"Servicio T\u00e9cnico Daikin M\u00e1laga. Acontermica.","article_publisher":"https:\/\/www.facebook.com\/acontermica","article_modified_time":"2016-09-04T23:30:27+00:00","og_image":[{"url":"http:\/\/acontermica.es\/wp-content\/uploads\/2015\/12\/suelo-radiante-grafico.jpg","type":"","width":"","height":""}],"twitter_card":"summary_large_image","twitter_misc":{"Est. reading time":"2 minutes"},"schema":{"@context":"https:\/\/schema.org","@graph":[{"@type":"WebPage","@id":"https:\/\/acontermica.es\/en\/suelo-radiante\/","url":"https:\/\/acontermica.es\/en\/suelo-radiante\/","name":"Heated Flooring - Servicio T\u00e9cnico Daikin M\u00e1laga. Acontermica.","isPartOf":{"@id":"https:\/\/acontermica.es\/#website"},"primaryImageOfPage":{"@id":"https:\/\/acontermica.es\/en\/suelo-radiante\/#primaryimage"},"image":{"@id":"https:\/\/acontermica.es\/en\/suelo-radiante\/#primaryimage"},"thumbnailUrl":"http:\/\/acontermica.es\/wp-content\/uploads\/2015\/12\/suelo-radiante-grafico.jpg","datePublished":"2015-12-21T01:09:00+00:00","dateModified":"2016-09-04T23:30:27+00:00","breadcrumb":{"@id":"https:\/\/acontermica.es\/en\/suelo-radiante\/#breadcrumb"},"inLanguage":"en-US","potentialAction":[{"@type":"ReadAction","target":["https:\/\/acontermica.es\/en\/suelo-radiante\/"]}]},{"@type":"ImageObject","inLanguage":"en-US","@id":"https:\/\/acontermica.es\/en\/suelo-radiante\/#primaryimage","url":"http:\/\/acontermica.es\/wp-content\/uploads\/2015\/12\/suelo-radiante-grafico.jpg","contentUrl":"http:\/\/acontermica.es\/wp-content\/uploads\/2015\/12\/suelo-radiante-grafico.jpg"},{"@type":"BreadcrumbList","@id":"https:\/\/acontermica.es\/en\/suelo-radiante\/#breadcrumb","itemListElement":[{"@type":"ListItem","position":1,"name":"Portada","item":"https:\/\/acontermica.es\/en\/"},{"@type":"ListItem","position":2,"name":"Heated Flooring"}]},{"@type":"WebSite","@id":"https:\/\/acontermica.es\/#website","url":"https:\/\/acontermica.es\/","name":"Servicio T\u00e9cnico Daikin M\u00e1laga. Acontermica.","description":"Climatizaci\u00f3n, Aire acondicionado, M\u00e1laga","potentialAction":[{"@type":"SearchAction","target":{"@type":"EntryPoint","urlTemplate":"https:\/\/acontermica.es\/?s={search_term_string}"},"query-input":{"@type":"PropertyValueSpecification","valueRequired":true,"valueName":"search_term_string"}}],"inLanguage":"en-US"}]}},"_links":{"self":[{"href":"https:\/\/acontermica.es\/en\/wp-json\/wp\/v2\/pages\/4669","targetHints":{"allow":["GET"]}}],"collection":[{"href":"https:\/\/acontermica.es\/en\/wp-json\/wp\/v2\/pages"}],"about":[{"href":"https:\/\/acontermica.es\/en\/wp-json\/wp\/v2\/types\/page"}],"author":[{"embeddable":true,"href":"https:\/\/acontermica.es\/en\/wp-json\/wp\/v2\/users\/2"}],"replies":[{"embeddable":true,"href":"https:\/\/acontermica.es\/en\/wp-json\/wp\/v2\/comments?post=4669"}],"version-history":[{"count":3,"href":"https:\/\/acontermica.es\/en\/wp-json\/wp\/v2\/pages\/4669\/revisions"}],"predecessor-version":[{"id":4672,"href":"https:\/\/acontermica.es\/en\/wp-json\/wp\/v2\/pages\/4669\/revisions\/4672"}],"wp:attachment":[{"href":"https:\/\/acontermica.es\/en\/wp-json\/wp\/v2\/media?parent=4669"}],"curies":[{"name":"wp","href":"https:\/\/api.w.org\/{rel}","templated":true}]}}