{"id":4662,"date":"2016-09-04T21:01:25","date_gmt":"2016-09-04T21:01:25","guid":{"rendered":"http:\/\/acontermica.es\/en\/?page_id=4662"},"modified":"2016-09-06T11:33:35","modified_gmt":"2016-09-06T11:33:35","slug":"airsplits","status":"publish","type":"page","link":"https:\/\/acontermica.es\/en\/airsplits\/","title":{"rendered":"Air Splits"},"content":{"rendered":"<div class=\"flex_column av_one_fifth  flex_column_div av-zero-column-padding first  avia-builder-el-0  el_before_av_three_fifth  avia-builder-el-first  \" style='border-radius:0px; '><\/div>\n<div class=\"flex_column av_three_fifth  flex_column_div av-zero-column-padding   avia-builder-el-1  el_after_av_one_fifth  el_before_av_one_fifth  \" style='border-radius:0px; '><section class=\"av_textblock_section \"  itemscope=\"itemscope\" itemtype=\"https:\/\/schema.org\/CreativeWork\" ><div class='avia_textblock  av_inherit_color '  style='color:#49649d; '  itemprop=\"text\" ><h3 style=\"text-align: left;\">Splits<\/h3>\n<\/div><\/section><br \/>\n<section class=\"av_textblock_section \"  itemscope=\"itemscope\" itemtype=\"https:\/\/schema.org\/CreativeWork\" ><div class='avia_textblock  '   itemprop=\"text\" ><p>A <strong>split <\/strong>connects an indoor unit to an outdoor unit; they are linked together with two copper tubes or \u201crefrigeration lines&#8221;. They are installed simply and unobtrusively to interiors, walls, cassettes and ducts. The external unit can be installed on the outside of the house, placed vertically on the wall, or placed on the ground on top of a support.<\/p>\n<p>The <strong>WALL-mounted air conditioning system<\/strong> is the most popular on the market as<\/p>\n<p>it is the <strong>easiest to install<\/strong>, has the cheapest price and also has the easiest maintenance.<\/p>\n<p>When mounting a split we must take into account that the <strong>indoor unit produces water<\/strong> with condensation during cooling mode and this water <strong>must be channeled to a collection point.<\/strong><\/p>\n<p><strong>Multi-splits<\/strong>: Connects various indoor units to a single outdoor unit, allowing the user<\/p>\n<ul>\n<li>to install a complete air conditioning system to multiple zone interior spaces. When<\/li>\n<li>there isn\u00b4t enough room to install outdoor machines, this is an excellent option. It<\/li>\n<li>provides individual control of room temperature settings and enables indoor units of<\/li>\n<li>different styles and capacities in one system for customized solutions, unique to each<\/li>\n<li>residential setting. The operation, installation and maintenance are similar to a split.<\/li>\n<\/ul>\n<p>It is also a good option for when you want to cool areas that are adjacent or separated by a dividing wall.<\/p>\n<p>There is a wide range of products available on the market at a domestic level regarding the power of the outdoor unit. In addition the refrigeration lines of these systems have a limited life span, which cannot be exceeded (consult with the specialist or the manufacturer).<\/p>\n<p><strong>Products and technical specifications:<\/strong><\/p>\n<p><a href=\"http:\/\/acontermica.es\/catalogos\/panasonic2015.pdf\" target=\"_blank\" rel=\"noopener\">Panasonic<\/a><br \/>\n<a href=\"http:\/\/acontermica.es\/catalogos\/MitsubishiElectric2015.pdf\" target=\"_blank\" rel=\"noopener\">Mitsubishi Electric<\/a><br \/>\n<a href=\"http:\/\/acontermica.es\/catalogos\/fujitsu.pdf\" target=\"_blank\" rel=\"noopener\">Fujitsu<\/a><br \/>\n<a href=\"http:\/\/acontermica.es\/catalogos\/catalogoMDV2015.pdf\" target=\"_blank\" rel=\"noopener\">MDV<\/a><br \/>\n<a href=\"http:\/\/acontermica.es\/catalogos\/Daikin2015.pdf\" target=\"_blank\" rel=\"noopener\">Daikin<\/a><br \/>\n<a href=\"http:\/\/acontermica.es\/catalogos\/calefacciondaikin.pdf\" target=\"_blank\" rel=\"noopener\">Calefacci\u00f3n Daikin<\/a><\/p>\n<\/div><\/section><br \/>\n<div  class='avia-button-wrap avia-button-center  avia-builder-el-4  el_after_av_textblock  avia-builder-el-last ' ><a href='javascript:history.go(-1)'  class='avia-button  avia-color-theme-color   avia-icon_select-yes-left-icon avia-size-large avia-position-center '   ><span class='avia_button_icon avia_button_icon_left ' aria-hidden='true' data-av_icon='\ue880' data-av_iconfont='entypo-fontello'><\/span><span class='avia_iconbox_title' >Back<\/span><\/a><\/div><\/p><\/div><div class=\"flex_column av_one_fifth  flex_column_div av-zero-column-padding   avia-builder-el-5  el_after_av_three_fifth  avia-builder-el-last  \" style='border-radius:0px; '><\/div><\/p>\n","protected":false},"excerpt":{"rendered":"","protected":false},"author":2,"featured_media":0,"parent":0,"menu_order":0,"comment_status":"closed","ping_status":"closed","template":"","meta":{"footnotes":""},"class_list":["post-4662","page","type-page","status-publish","hentry"],"yoast_head":"<!-- This site is optimized with the Yoast SEO plugin v27.3 - https:\/\/yoast.com\/product\/yoast-seo-wordpress\/ -->\n<title>Air Splits - Servicio T\u00e9cnico Daikin M\u00e1laga. Acontermica.<\/title>\n<meta name=\"robots\" content=\"index, follow, max-snippet:-1, max-image-preview:large, max-video-preview:-1\" \/>\n<link rel=\"canonical\" href=\"https:\/\/acontermica.es\/en\/airsplits\/\" \/>\n<meta property=\"og:locale\" content=\"en_US\" \/>\n<meta property=\"og:type\" content=\"article\" \/>\n<meta property=\"og:title\" content=\"Air Splits - Servicio T\u00e9cnico Daikin M\u00e1laga. Acontermica.\" \/>\n<meta property=\"og:url\" content=\"https:\/\/acontermica.es\/en\/airsplits\/\" \/>\n<meta property=\"og:site_name\" content=\"Servicio T\u00e9cnico Daikin M\u00e1laga. Acontermica.\" \/>\n<meta property=\"article:publisher\" content=\"https:\/\/www.facebook.com\/acontermica\" \/>\n<meta property=\"article:modified_time\" content=\"2016-09-06T11:33:35+00:00\" \/>\n<meta name=\"twitter:card\" content=\"summary_large_image\" \/>\n<meta name=\"twitter:label1\" content=\"Est. reading time\" \/>\n\t<meta name=\"twitter:data1\" content=\"2 minutes\" \/>\n<script type=\"application\/ld+json\" class=\"yoast-schema-graph\">{\"@context\":\"https:\\\/\\\/schema.org\",\"@graph\":[{\"@type\":\"WebPage\",\"@id\":\"https:\\\/\\\/acontermica.es\\\/en\\\/airsplits\\\/\",\"url\":\"https:\\\/\\\/acontermica.es\\\/en\\\/airsplits\\\/\",\"name\":\"Air Splits - Servicio T\u00e9cnico Daikin M\u00e1laga. Acontermica.\",\"isPartOf\":{\"@id\":\"https:\\\/\\\/acontermica.es\\\/#website\"},\"datePublished\":\"2016-09-04T21:01:25+00:00\",\"dateModified\":\"2016-09-06T11:33:35+00:00\",\"breadcrumb\":{\"@id\":\"https:\\\/\\\/acontermica.es\\\/en\\\/airsplits\\\/#breadcrumb\"},\"inLanguage\":\"en-US\",\"potentialAction\":[{\"@type\":\"ReadAction\",\"target\":[\"https:\\\/\\\/acontermica.es\\\/en\\\/airsplits\\\/\"]}]},{\"@type\":\"BreadcrumbList\",\"@id\":\"https:\\\/\\\/acontermica.es\\\/en\\\/airsplits\\\/#breadcrumb\",\"itemListElement\":[{\"@type\":\"ListItem\",\"position\":1,\"name\":\"Portada\",\"item\":\"https:\\\/\\\/acontermica.es\\\/en\\\/\"},{\"@type\":\"ListItem\",\"position\":2,\"name\":\"Air Splits\"}]},{\"@type\":\"WebSite\",\"@id\":\"https:\\\/\\\/acontermica.es\\\/#website\",\"url\":\"https:\\\/\\\/acontermica.es\\\/\",\"name\":\"Servicio T\u00e9cnico Daikin M\u00e1laga. Acontermica.\",\"description\":\"Climatizaci\u00f3n, Aire acondicionado, M\u00e1laga\",\"potentialAction\":[{\"@type\":\"SearchAction\",\"target\":{\"@type\":\"EntryPoint\",\"urlTemplate\":\"https:\\\/\\\/acontermica.es\\\/?s={search_term_string}\"},\"query-input\":{\"@type\":\"PropertyValueSpecification\",\"valueRequired\":true,\"valueName\":\"search_term_string\"}}],\"inLanguage\":\"en-US\"}]}<\/script>\n<!-- \/ Yoast SEO plugin. -->","yoast_head_json":{"title":"Air Splits - Servicio T\u00e9cnico Daikin M\u00e1laga. Acontermica.","robots":{"index":"index","follow":"follow","max-snippet":"max-snippet:-1","max-image-preview":"max-image-preview:large","max-video-preview":"max-video-preview:-1"},"canonical":"https:\/\/acontermica.es\/en\/airsplits\/","og_locale":"en_US","og_type":"article","og_title":"Air Splits - Servicio T\u00e9cnico Daikin M\u00e1laga. Acontermica.","og_url":"https:\/\/acontermica.es\/en\/airsplits\/","og_site_name":"Servicio T\u00e9cnico Daikin M\u00e1laga. Acontermica.","article_publisher":"https:\/\/www.facebook.com\/acontermica","article_modified_time":"2016-09-06T11:33:35+00:00","twitter_card":"summary_large_image","twitter_misc":{"Est. reading time":"2 minutes"},"schema":{"@context":"https:\/\/schema.org","@graph":[{"@type":"WebPage","@id":"https:\/\/acontermica.es\/en\/airsplits\/","url":"https:\/\/acontermica.es\/en\/airsplits\/","name":"Air Splits - Servicio T\u00e9cnico Daikin M\u00e1laga. Acontermica.","isPartOf":{"@id":"https:\/\/acontermica.es\/#website"},"datePublished":"2016-09-04T21:01:25+00:00","dateModified":"2016-09-06T11:33:35+00:00","breadcrumb":{"@id":"https:\/\/acontermica.es\/en\/airsplits\/#breadcrumb"},"inLanguage":"en-US","potentialAction":[{"@type":"ReadAction","target":["https:\/\/acontermica.es\/en\/airsplits\/"]}]},{"@type":"BreadcrumbList","@id":"https:\/\/acontermica.es\/en\/airsplits\/#breadcrumb","itemListElement":[{"@type":"ListItem","position":1,"name":"Portada","item":"https:\/\/acontermica.es\/en\/"},{"@type":"ListItem","position":2,"name":"Air Splits"}]},{"@type":"WebSite","@id":"https:\/\/acontermica.es\/#website","url":"https:\/\/acontermica.es\/","name":"Servicio T\u00e9cnico Daikin M\u00e1laga. Acontermica.","description":"Climatizaci\u00f3n, Aire acondicionado, M\u00e1laga","potentialAction":[{"@type":"SearchAction","target":{"@type":"EntryPoint","urlTemplate":"https:\/\/acontermica.es\/?s={search_term_string}"},"query-input":{"@type":"PropertyValueSpecification","valueRequired":true,"valueName":"search_term_string"}}],"inLanguage":"en-US"}]}},"_links":{"self":[{"href":"https:\/\/acontermica.es\/en\/wp-json\/wp\/v2\/pages\/4662","targetHints":{"allow":["GET"]}}],"collection":[{"href":"https:\/\/acontermica.es\/en\/wp-json\/wp\/v2\/pages"}],"about":[{"href":"https:\/\/acontermica.es\/en\/wp-json\/wp\/v2\/types\/page"}],"author":[{"embeddable":true,"href":"https:\/\/acontermica.es\/en\/wp-json\/wp\/v2\/users\/2"}],"replies":[{"embeddable":true,"href":"https:\/\/acontermica.es\/en\/wp-json\/wp\/v2\/comments?post=4662"}],"version-history":[{"count":4,"href":"https:\/\/acontermica.es\/en\/wp-json\/wp\/v2\/pages\/4662\/revisions"}],"predecessor-version":[{"id":4737,"href":"https:\/\/acontermica.es\/en\/wp-json\/wp\/v2\/pages\/4662\/revisions\/4737"}],"wp:attachment":[{"href":"https:\/\/acontermica.es\/en\/wp-json\/wp\/v2\/media?parent=4662"}],"curies":[{"name":"wp","href":"https:\/\/api.w.org\/{rel}","templated":true}]}}