{"id":4649,"date":"2015-11-13T10:29:28","date_gmt":"2015-11-13T10:29:28","guid":{"rendered":"http:\/\/acontermica.es\/en\/energia-solar\/"},"modified":"2020-09-08T10:48:50","modified_gmt":"2020-09-08T10:48:50","slug":"renewable-energy","status":"publish","type":"page","link":"https:\/\/acontermica.es\/en\/renewable-energy\/","title":{"rendered":"Renewable Energy"},"content":{"rendered":"<div  class='av-hotspot-image-container  av-desktop-hide av-medium-hide av-small-hide  av-hotspot-numbered   avia-builder-el-0  el_before_av_section  avia-builder-el-first  av-non-fullwidth-hotspot-image'  itemprop=\"image\" itemscope=\"itemscope\" itemtype=\"https:\/\/schema.org\/ImageObject\" ><div class='av-hotspot-container'><div class='av-hotspot-container-inner-cell'><div class='av-hotspot-container-inner-wrap'><div class='av-image-hotspot av-image-hotspot-1 ' data-avia-tooltip-position='right' data-avia-tooltip-alignment='centered' data-avia-tooltip-class='av-tt-large-width av-tt-pos-right av-tt-align-centered  main_color av-tooltip-shadow av-tt-hotspot' data-avia-tooltip='&lt;p&gt;&lt;strong&gt;Small wind Turbine Energy.&lt;\/strong&gt; (click for more info)&lt;\/p&gt;\n' style='top: 48.1%; left: 10.7%; '><a href=https:\/\/acontermica.es\/en\/small-wind-turbine-energy\/  class='av-image-hotspot_inner' style='background-color: #ff0000; color: #ffffff;'>1<\/a><div class='av-image-hotspot-pulse' style='background-color:#ffffff;'><\/div><\/div><div class='av-image-hotspot av-image-hotspot-2 ' data-avia-tooltip-position='left' data-avia-tooltip-alignment='centered' data-avia-tooltip-class='av-tt-default-width av-tt-pos-left av-tt-align-centered  main_color av-tooltip-shadow av-tt-hotspot' data-avia-tooltip='&lt;p&gt;&lt;strong&gt;Solar Thermal Energy.&lt;\/strong&gt; (click for more info)&lt;\/p&gt;\n' style='top: 24.3%; left: 42.3%; '><a href=https:\/\/acontermica.es\/en\/solar-thermal-energy\/  class='av-image-hotspot_inner' style='background-color: #ff3a3a; color: #ffffff;'>2<\/a><div class='av-image-hotspot-pulse' style='background-color:#ffffff;'><\/div><\/div><div class='av-image-hotspot av-image-hotspot-3 ' data-avia-tooltip-position='top' data-avia-tooltip-alignment='left' data-avia-tooltip-class='av-tt-default-width av-tt-pos-above av-tt-align-left  main_color av-tooltip-shadow av-tt-hotspot' data-avia-tooltip='&lt;p&gt;&lt;strong&gt;Photovoltaic Solar Energy.&lt;\/strong&gt; (click for more info)&lt;\/p&gt;\n' style='top: 42.5%; left: 63.3%; '><a href=https:\/\/acontermica.es\/en\/photovoltaic-solar-energy\/  class='av-image-hotspot_inner' style='background-color: #ff3d3d; color: #ffffff;'>3<\/a><div class='av-image-hotspot-pulse' style='background-color:#ffffff;'><\/div><\/div><img decoding=\"async\" class='wp-image-4733 avia-img-lazy-loading-not-4733 avia_image' src=\"https:\/\/acontermica.es\/wp-content\/uploads\/2015\/11\/casaENERGIASRENOVABLESingles.jpg\" alt='' title='casaENERGIASRENOVABLESingles'  height=\"1032\" width=\"1594\"  itemprop=\"thumbnailUrl\" srcset=\"https:\/\/acontermica.es\/wp-content\/uploads\/2015\/11\/casaENERGIASRENOVABLESingles.jpg 1594w, https:\/\/acontermica.es\/wp-content\/uploads\/2015\/11\/casaENERGIASRENOVABLESingles-300x194.jpg 300w, https:\/\/acontermica.es\/wp-content\/uploads\/2015\/11\/casaENERGIASRENOVABLESingles-768x497.jpg 768w, https:\/\/acontermica.es\/wp-content\/uploads\/2015\/11\/casaENERGIASRENOVABLESingles-1030x667.jpg 1030w, https:\/\/acontermica.es\/wp-content\/uploads\/2015\/11\/casaENERGIASRENOVABLESingles-1500x971.jpg 1500w, https:\/\/acontermica.es\/wp-content\/uploads\/2015\/11\/casaENERGIASRENOVABLESingles-705x456.jpg 705w, https:\/\/acontermica.es\/wp-content\/uploads\/2015\/11\/casaENERGIASRENOVABLESingles-450x291.jpg 450w\" sizes=\"(max-width: 1594px) 100vw, 1594px\" \/><\/div><\/div><\/div><\/div>\n<div id='av_section_1'  class='avia-section main_color avia-section-no-padding avia-shadow  avia-bg-style-scroll  avia-builder-el-1  el_after_av_image_hotspot  el_before_av_section   av-mini-hide container_wrap sidebar_right' style='background-color: #bed4f5;  '  ><div class='av-section-color-overlay-wrap'><a href='#next-section' title='' class='scroll-down-link '  aria-hidden='true' data-av_icon='\ue877' data-av_iconfont='entypo-fontello'><\/a><div class='container' ><div class='template-page content  av-content-small alpha units'><div class='post-entry post-entry-type-page post-entry-4649'><div class='entry-content-wrapper clearfix'>\n<div class=\"flex_column av_one_full  flex_column_div first  avia-builder-el-2  avia-builder-el-no-sibling  \" style='padding:0px 100px 0px 100px ; border-radius:0px; '><div  class='av-hotspot-image-container   av-hotspot-numbered   avia-builder-el-3  avia-builder-el-no-sibling  av-non-fullwidth-hotspot-image'  itemprop=\"image\" itemscope=\"itemscope\" itemtype=\"https:\/\/schema.org\/ImageObject\" ><div class='av-hotspot-container'><div class='av-hotspot-container-inner-cell'><div class='av-hotspot-container-inner-wrap'><div class='av-image-hotspot av-image-hotspot-1 ' data-avia-tooltip-position='right' data-avia-tooltip-alignment='centered' data-avia-tooltip-class='av-tt-large-width av-tt-pos-right av-tt-align-centered  main_color av-tooltip-shadow av-tt-hotspot' data-avia-tooltip='&lt;p&gt;&lt;strong&gt;Small wind Turbine Energy.&lt;\/strong&gt; (click for more info)&lt;\/p&gt;\n' style='top: 48.1%; left: 10.7%; '><a href=https:\/\/acontermica.es\/en\/small-wind-turbine-energy\/  class='av-image-hotspot_inner' style='background-color: #ff0000; color: #ffffff;'>1<\/a><div class='av-image-hotspot-pulse' style='background-color:#ffffff;'><\/div><\/div><div class='av-image-hotspot av-image-hotspot-2 ' data-avia-tooltip-position='left' data-avia-tooltip-alignment='centered' data-avia-tooltip-class='av-tt-default-width av-tt-pos-left av-tt-align-centered  main_color av-tooltip-shadow av-tt-hotspot' data-avia-tooltip='&lt;p&gt;&lt;strong&gt;Solar Thermal Energy.&lt;\/strong&gt; (click for more info)&lt;\/p&gt;\n' style='top: 24.3%; left: 42.3%; '><a href=https:\/\/acontermica.es\/en\/solar-thermal-energy\/  class='av-image-hotspot_inner' style='background-color: #ff3a3a; color: #ffffff;'>2<\/a><div class='av-image-hotspot-pulse' style='background-color:#ffffff;'><\/div><\/div><div class='av-image-hotspot av-image-hotspot-3 ' data-avia-tooltip-position='top' data-avia-tooltip-alignment='left' data-avia-tooltip-class='av-tt-default-width av-tt-pos-above av-tt-align-left  main_color av-tooltip-shadow av-tt-hotspot' data-avia-tooltip='&lt;p&gt;&lt;strong&gt;Photovoltaic Solar Energy.&lt;\/strong&gt; (click for more info)&lt;\/p&gt;\n' style='top: 42.5%; left: 63.3%; '><a href=https:\/\/acontermica.es\/en\/photovoltaic-solar-energy\/  class='av-image-hotspot_inner' style='background-color: #ff3d3d; color: #ffffff;'>3<\/a><div class='av-image-hotspot-pulse' style='background-color:#ffffff;'><\/div><\/div><img decoding=\"async\" class='wp-image-4733 avia-img-lazy-loading-not-4733 avia_image' src=\"https:\/\/acontermica.es\/wp-content\/uploads\/2015\/11\/casaENERGIASRENOVABLESingles.jpg\" alt='' title='casaENERGIASRENOVABLESingles'  height=\"1032\" width=\"1594\"  itemprop=\"thumbnailUrl\" srcset=\"https:\/\/acontermica.es\/wp-content\/uploads\/2015\/11\/casaENERGIASRENOVABLESingles.jpg 1594w, https:\/\/acontermica.es\/wp-content\/uploads\/2015\/11\/casaENERGIASRENOVABLESingles-300x194.jpg 300w, https:\/\/acontermica.es\/wp-content\/uploads\/2015\/11\/casaENERGIASRENOVABLESingles-768x497.jpg 768w, https:\/\/acontermica.es\/wp-content\/uploads\/2015\/11\/casaENERGIASRENOVABLESingles-1030x667.jpg 1030w, https:\/\/acontermica.es\/wp-content\/uploads\/2015\/11\/casaENERGIASRENOVABLESingles-1500x971.jpg 1500w, https:\/\/acontermica.es\/wp-content\/uploads\/2015\/11\/casaENERGIASRENOVABLESingles-705x456.jpg 705w, https:\/\/acontermica.es\/wp-content\/uploads\/2015\/11\/casaENERGIASRENOVABLESingles-450x291.jpg 450w\" sizes=\"(max-width: 1594px) 100vw, 1594px\" \/><\/div><\/div><\/div><\/div><\/div><\/div><\/div><\/div><!-- close content main div --><\/div><\/div><\/div><div id='av_section_2'  class='avia-section main_color avia-section-default avia-no-shadow  avia-bg-style-scroll  avia-builder-el-4  el_after_av_section  avia-builder-el-last   container_wrap sidebar_right' style=' '  ><div class='container' ><div class='template-page content  av-content-small alpha units'><div class='post-entry post-entry-type-page post-entry-4649'><div class='entry-content-wrapper clearfix'>\n<div class=\"flex_column av_one_half  flex_column_div av-zero-column-padding first  avia-builder-el-5  el_before_av_one_half  avia-builder-el-first  \" style='border-radius:0px; '><section class=\"av_textblock_section \"  itemscope=\"itemscope\" itemtype=\"https:\/\/schema.org\/CreativeWork\" ><div class='avia_textblock  av_inherit_color '  style='color:#47629c; '  itemprop=\"text\" ><h3 style=\"text-align: left;\">Solar energy: Thermal and Photovoltaic<\/h3>\n<\/div><\/section><br \/>\n<section class=\"av_textblock_section \"  itemscope=\"itemscope\" itemtype=\"https:\/\/schema.org\/CreativeWork\" ><div class='avia_textblock  '   itemprop=\"text\" ><p><strong>Solar energy<\/strong> is the energy obtained by <strong>capturing the light <\/strong>and <strong>heat <\/strong>emitted by the sun. It is a non-polluting renewable energy, also known as clean energy. The acquisition of this energy is direct and easy to maintain therefore the costs are quite low. The only major cost to the user is the installation, which ends up paying for itself in the long run with all the money saved. Because of this, it is quite common to see solar panels in most homes. Due to the sunny, light climate on The Sun Coast (Costa del Sol) it is quite normal to find solar systems in Malaga, Torremolinos, Benalmadena, Fuengirola, Mijas, Marbella, Estepona, etc.<\/p>\n<p>The most common use of solar energy in domestic installation is to create <strong>DHW (domestic hot water)<\/strong>, hot water is created by placing a <strong>solar panel or collector<\/strong> exposed to the sun on terraces or roof tops, hot water is circulated and goes into a <strong>storage tank<\/strong> which is controlled by a small domestic installed unit which is then available for the user\u00b4s supply. We can also use this system for <strong>cooling<\/strong>, utilizing the <strong>absorption machines<\/strong> which can produce cold air conditioning. Furthermore it is possible to create electricity through a generator creating the network (solar thermal energy) utilizing the heat and <strong>mechanical motion<\/strong> or directly transforming the solar radiation into <strong>electricity<\/strong> with the <strong>photovoltaic cell power<\/strong> (in photovoltaic energy).<\/p>\n<p>It also goes perfectly with other aerothermic systems.<\/p>\n<\/div><\/section><\/p><\/div><div class=\"flex_column av_one_half  flex_column_div av-zero-column-padding   avia-builder-el-8  el_after_av_one_half  avia-builder-el-last  \" style='border-radius:0px; '><div  class='avia-video avia-video-16-9   av-lazyload-immediate  av-lazyload-video-embed  '   itemprop=\"video\" itemtype=\"https:\/\/schema.org\/VideoObject\"  data-original_url='https:\/\/youtu.be\/8QT9fTeF_No' ><script type='text\/html' class='av-video-tmpl'><div class='avia-iframe-wrap'><iframe loading=\"lazy\" width=\"1500\" height=\"844\" src=\"https:\/\/www.youtube.com\/embed\/8QT9fTeF_No?feature=oembed&autoplay=0&loop=0&controls=1&mute=0\" frameborder=\"0\" allowfullscreen><\/iframe><\/div><\/script><div class='av-click-to-play-overlay'><div class=\"avia_playpause_icon\"><\/div><\/div><\/div><\/div>\n<\/div><\/div><\/div><!-- close content main div --><\/div><\/div><div id='after_section_2'  class='main_color av_default_container_wrap container_wrap sidebar_right' style=' '  ><div class='container' ><div class='template-page content  av-content-small alpha units'><div class='post-entry post-entry-type-page post-entry-4649'><div class='entry-content-wrapper clearfix'><\/p>\n","protected":false},"excerpt":{"rendered":"","protected":false},"author":2,"featured_media":0,"parent":0,"menu_order":0,"comment_status":"closed","ping_status":"closed","template":"","meta":{"footnotes":""},"class_list":["post-4649","page","type-page","status-publish","hentry"],"yoast_head":"<!-- This site is optimized with the Yoast SEO plugin v27.3 - https:\/\/yoast.com\/product\/yoast-seo-wordpress\/ -->\n<title>Renewable Energy - Servicio T\u00e9cnico Daikin M\u00e1laga. Acontermica.<\/title>\n<meta name=\"robots\" content=\"index, follow, max-snippet:-1, max-image-preview:large, max-video-preview:-1\" \/>\n<link rel=\"canonical\" href=\"https:\/\/acontermica.es\/en\/renewable-energy\/\" \/>\n<meta property=\"og:locale\" content=\"en_US\" \/>\n<meta property=\"og:type\" content=\"article\" \/>\n<meta property=\"og:title\" content=\"Renewable Energy - Servicio T\u00e9cnico Daikin M\u00e1laga. Acontermica.\" \/>\n<meta property=\"og:url\" content=\"https:\/\/acontermica.es\/en\/renewable-energy\/\" \/>\n<meta property=\"og:site_name\" content=\"Servicio T\u00e9cnico Daikin M\u00e1laga. Acontermica.\" \/>\n<meta property=\"article:publisher\" content=\"https:\/\/www.facebook.com\/acontermica\" \/>\n<meta property=\"article:modified_time\" content=\"2020-09-08T10:48:50+00:00\" \/>\n<meta name=\"twitter:card\" content=\"summary_large_image\" \/>\n<meta name=\"twitter:label1\" content=\"Est. reading time\" \/>\n\t<meta name=\"twitter:data1\" content=\"5 minutes\" \/>\n<script type=\"application\/ld+json\" class=\"yoast-schema-graph\">{\"@context\":\"https:\\\/\\\/schema.org\",\"@graph\":[{\"@type\":\"WebPage\",\"@id\":\"https:\\\/\\\/acontermica.es\\\/en\\\/renewable-energy\\\/\",\"url\":\"https:\\\/\\\/acontermica.es\\\/en\\\/renewable-energy\\\/\",\"name\":\"Renewable Energy - Servicio T\u00e9cnico Daikin M\u00e1laga. Acontermica.\",\"isPartOf\":{\"@id\":\"https:\\\/\\\/acontermica.es\\\/#website\"},\"datePublished\":\"2015-11-13T10:29:28+00:00\",\"dateModified\":\"2020-09-08T10:48:50+00:00\",\"breadcrumb\":{\"@id\":\"https:\\\/\\\/acontermica.es\\\/en\\\/renewable-energy\\\/#breadcrumb\"},\"inLanguage\":\"en-US\",\"potentialAction\":[{\"@type\":\"ReadAction\",\"target\":[\"https:\\\/\\\/acontermica.es\\\/en\\\/renewable-energy\\\/\"]}]},{\"@type\":\"BreadcrumbList\",\"@id\":\"https:\\\/\\\/acontermica.es\\\/en\\\/renewable-energy\\\/#breadcrumb\",\"itemListElement\":[{\"@type\":\"ListItem\",\"position\":1,\"name\":\"Portada\",\"item\":\"https:\\\/\\\/acontermica.es\\\/en\\\/\"},{\"@type\":\"ListItem\",\"position\":2,\"name\":\"Renewable Energy\"}]},{\"@type\":\"WebSite\",\"@id\":\"https:\\\/\\\/acontermica.es\\\/#website\",\"url\":\"https:\\\/\\\/acontermica.es\\\/\",\"name\":\"Servicio T\u00e9cnico Daikin M\u00e1laga. Acontermica.\",\"description\":\"Climatizaci\u00f3n, Aire acondicionado, M\u00e1laga\",\"potentialAction\":[{\"@type\":\"SearchAction\",\"target\":{\"@type\":\"EntryPoint\",\"urlTemplate\":\"https:\\\/\\\/acontermica.es\\\/?s={search_term_string}\"},\"query-input\":{\"@type\":\"PropertyValueSpecification\",\"valueRequired\":true,\"valueName\":\"search_term_string\"}}],\"inLanguage\":\"en-US\"}]}<\/script>\n<!-- \/ Yoast SEO plugin. -->","yoast_head_json":{"title":"Renewable Energy - Servicio T\u00e9cnico Daikin M\u00e1laga. Acontermica.","robots":{"index":"index","follow":"follow","max-snippet":"max-snippet:-1","max-image-preview":"max-image-preview:large","max-video-preview":"max-video-preview:-1"},"canonical":"https:\/\/acontermica.es\/en\/renewable-energy\/","og_locale":"en_US","og_type":"article","og_title":"Renewable Energy - Servicio T\u00e9cnico Daikin M\u00e1laga. Acontermica.","og_url":"https:\/\/acontermica.es\/en\/renewable-energy\/","og_site_name":"Servicio T\u00e9cnico Daikin M\u00e1laga. Acontermica.","article_publisher":"https:\/\/www.facebook.com\/acontermica","article_modified_time":"2020-09-08T10:48:50+00:00","twitter_card":"summary_large_image","twitter_misc":{"Est. reading time":"5 minutes"},"schema":{"@context":"https:\/\/schema.org","@graph":[{"@type":"WebPage","@id":"https:\/\/acontermica.es\/en\/renewable-energy\/","url":"https:\/\/acontermica.es\/en\/renewable-energy\/","name":"Renewable Energy - Servicio T\u00e9cnico Daikin M\u00e1laga. Acontermica.","isPartOf":{"@id":"https:\/\/acontermica.es\/#website"},"datePublished":"2015-11-13T10:29:28+00:00","dateModified":"2020-09-08T10:48:50+00:00","breadcrumb":{"@id":"https:\/\/acontermica.es\/en\/renewable-energy\/#breadcrumb"},"inLanguage":"en-US","potentialAction":[{"@type":"ReadAction","target":["https:\/\/acontermica.es\/en\/renewable-energy\/"]}]},{"@type":"BreadcrumbList","@id":"https:\/\/acontermica.es\/en\/renewable-energy\/#breadcrumb","itemListElement":[{"@type":"ListItem","position":1,"name":"Portada","item":"https:\/\/acontermica.es\/en\/"},{"@type":"ListItem","position":2,"name":"Renewable Energy"}]},{"@type":"WebSite","@id":"https:\/\/acontermica.es\/#website","url":"https:\/\/acontermica.es\/","name":"Servicio T\u00e9cnico Daikin M\u00e1laga. Acontermica.","description":"Climatizaci\u00f3n, Aire acondicionado, M\u00e1laga","potentialAction":[{"@type":"SearchAction","target":{"@type":"EntryPoint","urlTemplate":"https:\/\/acontermica.es\/?s={search_term_string}"},"query-input":{"@type":"PropertyValueSpecification","valueRequired":true,"valueName":"search_term_string"}}],"inLanguage":"en-US"}]}},"_links":{"self":[{"href":"https:\/\/acontermica.es\/en\/wp-json\/wp\/v2\/pages\/4649","targetHints":{"allow":["GET"]}}],"collection":[{"href":"https:\/\/acontermica.es\/en\/wp-json\/wp\/v2\/pages"}],"about":[{"href":"https:\/\/acontermica.es\/en\/wp-json\/wp\/v2\/types\/page"}],"author":[{"embeddable":true,"href":"https:\/\/acontermica.es\/en\/wp-json\/wp\/v2\/users\/2"}],"replies":[{"embeddable":true,"href":"https:\/\/acontermica.es\/en\/wp-json\/wp\/v2\/comments?post=4649"}],"version-history":[{"count":7,"href":"https:\/\/acontermica.es\/en\/wp-json\/wp\/v2\/pages\/4649\/revisions"}],"predecessor-version":[{"id":5008,"href":"https:\/\/acontermica.es\/en\/wp-json\/wp\/v2\/pages\/4649\/revisions\/5008"}],"wp:attachment":[{"href":"https:\/\/acontermica.es\/en\/wp-json\/wp\/v2\/media?parent=4649"}],"curies":[{"name":"wp","href":"https:\/\/api.w.org\/{rel}","templated":true}]}}