{"id":4611,"date":"2015-12-20T01:29:45","date_gmt":"2015-12-20T01:29:45","guid":{"rendered":"http:\/\/acontermica.es\/en\/postventa\/"},"modified":"2016-08-27T13:52:41","modified_gmt":"2016-08-27T13:52:41","slug":"postventa","status":"publish","type":"page","link":"https:\/\/acontermica.es\/en\/postventa\/","title":{"rendered":"Customer Commitment"},"content":{"rendered":"<div id='av_section_1'  class='avia-section main_color avia-section-default avia-no-shadow  avia-bg-style-scroll  avia-builder-el-0  avia-builder-el-no-sibling   container_wrap sidebar_right' style=' '  ><div class='container' ><main  role=\"main\" itemprop=\"mainContentOfPage\"  class='template-page content  av-content-small alpha units'><div class='post-entry post-entry-type-page post-entry-4611'><div class='entry-content-wrapper clearfix'>\n<div class=\"flex_column av_one_half  flex_column_div av-zero-column-padding first  avia-builder-el-1  el_before_av_one_half  avia-builder-el-first  \" style='border-radius:0px; '><section class=\"av_textblock_section \"  itemscope=\"itemscope\" itemtype=\"https:\/\/schema.org\/CreativeWork\" ><div class='avia_textblock  av_inherit_color '  style='color:#435f9a; '  itemprop=\"text\" ><h3 style=\"text-align: left;\">Quality and guarantee:<\/h3>\n<\/div><\/section><br \/>\n<section class=\"av_textblock_section \"  itemscope=\"itemscope\" itemtype=\"https:\/\/schema.org\/CreativeWork\" ><div class='avia_textblock  '   itemprop=\"text\" ><p>Complete customer satisfaction is our priority in addition to respecting the environment. We believe that excellent customer service insures the best quality, by providing an immediate response to any possible incident that could arise.<\/p>\n<p>With technical support and installations of important air conditioning manufacturers such as: Daikin, McQuay, Ig, Breezair, Airzone\u2026 we comply with their technical requirements and quality customer service. The direct relationship with manufacturers enables us to offer the best prices and quick availability of spare parts and materials.<\/p>\n<p>We work with important insurance companies (Santa Luc\u00eda, Logman, Fabregasa) in addition to large companies such as El Corte Ingl\u00e9s, always offering quick and efficient professional help in every single project.<\/p>\n<p><img loading=\"lazy\" decoding=\"async\" class=\"alignnone wp-image-3748 size-full\" title=\"Somos instaladores para El Corte Ingl\u00e9s\" src=\"http:\/\/acontermica.loading.net\/wp-content\/uploads\/2015\/12\/el_corte_ingles.png\" alt=\"El Corte Ingl\u00e9s\" width=\"142\" height=\"80\" \/> <img loading=\"lazy\" decoding=\"async\" class=\"alignnone wp-image-3749 size-full\" title=\"Trabajamos con Seguros Santa Luc\u00eda\" src=\"http:\/\/acontermica.loading.net\/wp-content\/uploads\/2015\/12\/santaluciasseguros.png\" alt=\"santaluciasseguros\" width=\"305\" height=\"80\" srcset=\"https:\/\/acontermica.es\/wp-content\/uploads\/2015\/12\/santaluciasseguros.png 305w, https:\/\/acontermica.es\/wp-content\/uploads\/2015\/12\/santaluciasseguros-300x79.png 300w\" sizes=\"auto, (max-width: 305px) 100vw, 305px\" \/><\/p>\n<\/div><\/section><br \/>\n<div   class='hr hr-default   avia-builder-el-4  el_after_av_textblock  el_before_av_textblock '><span class='hr-inner ' ><span class='hr-inner-style'><\/span><\/span><\/div><br \/>\n<section class=\"av_textblock_section \"  itemscope=\"itemscope\" itemtype=\"https:\/\/schema.org\/CreativeWork\" ><div class='avia_textblock  av_inherit_color '  style='color:#435f9a; '  itemprop=\"text\" ><h3 style=\"text-align: left;\">Values:<\/h3>\n<\/div><\/section><br \/>\n<section class=\"av_textblock_section \"  itemscope=\"itemscope\" itemtype=\"https:\/\/schema.org\/CreativeWork\" ><div class='avia_textblock  '   itemprop=\"text\" ><p>We value our customers\u00b4 needs and believe in providing quality results, improving our service on a daily basis, offering competitive and innovative solutions by developing and adapting our work model which is based on <strong>technology leadership learned through experience and our investment in I+D+i<\/strong>.<\/p>\n<p>All of the new technological solutions we provide are the result of <strong>precise development <\/strong>and experience which allow a <strong>competitive advantage<\/strong>.<\/p>\n<\/div><\/section><\/p><\/div><div class=\"flex_column av_one_half  flex_column_div av-zero-column-padding   avia-builder-el-7  el_after_av_one_half  avia-builder-el-last  \" style='border-radius:0px; '><section class=\"av_textblock_section \"  itemscope=\"itemscope\" itemtype=\"https:\/\/schema.org\/CreativeWork\" ><div class='avia_textblock  av_inherit_color '  style='color:#435f9a; '  itemprop=\"text\" ><h3 style=\"text-align: left;\">Commitment:<\/h3>\n<\/div><\/section><br \/>\n<section class=\"av_textblock_section \"  itemscope=\"itemscope\" itemtype=\"https:\/\/schema.org\/CreativeWork\" ><div class='avia_textblock  '   itemprop=\"text\" ><p>At Acontermica, we develop long-lasting projects because of our commitment to our customers, the environment and future generations. Our future vision is focused on consolidation at a global level. As a result we offer our professional knowledge and experience <strong>optimize investment and operating costs<\/strong>. As well as following <strong>quality guidelines related to technology, renewable energy and efficient solutions<\/strong>.<\/p>\n<\/div><\/section><br \/>\n<div   class='hr hr-default   avia-builder-el-10  el_after_av_textblock  el_before_av_textblock '><span class='hr-inner ' ><span class='hr-inner-style'><\/span><\/span><\/div><br \/>\n<section class=\"av_textblock_section \"  itemscope=\"itemscope\" itemtype=\"https:\/\/schema.org\/CreativeWork\" ><div class='avia_textblock  av_inherit_color '  style='color:#435f9a; '  itemprop=\"text\" ><h3 style=\"text-align: left;\">Technical, organizational and training capabilities:<\/h3>\n<\/div><\/section><br \/>\n<section class=\"av_textblock_section \"  itemscope=\"itemscope\" itemtype=\"https:\/\/schema.org\/CreativeWork\" ><div class='avia_textblock  '   itemprop=\"text\" ><p>Our guarantee and reliability depends on our staff who provide the most efficient services through their organized daily operations, always focusing on customer satisfaction and professional development.<\/p>\n<p>Acontermica believes its <strong>relationship with each customer continues, even after the project is over<\/strong>, therefore it values long-term clients, <strong>providing advise regarding new policies and products<\/strong> on the market.<\/p>\n<p>Because of this, Acontermica sees training opportunities as a priority in order to promote and enhance its professional development, resulting in initiative, creativity and fundamental knowledge that guarantee the best quality service.<\/p>\n<\/div><\/section><br \/>\n<div   class='hr hr-default   avia-builder-el-13  el_after_av_textblock  el_before_av_textblock '><span class='hr-inner ' ><span class='hr-inner-style'><\/span><\/span><\/div><br \/>\n<section class=\"av_textblock_section \"  itemscope=\"itemscope\" itemtype=\"https:\/\/schema.org\/CreativeWork\" ><div class='avia_textblock  av_inherit_color '  style='color:#435f9a; '  itemprop=\"text\" ><h3 style=\"text-align: left;\">Contact us:<\/h3>\n<\/div><\/section><br \/>\n<section class=\"av_textblock_section \"  itemscope=\"itemscope\" itemtype=\"https:\/\/schema.org\/CreativeWork\" ><div class='avia_textblock  '   itemprop=\"text\" >\n<div class=\"wpcf7 no-js\" id=\"wpcf7-f11-o1\" lang=\"es-ES\" dir=\"ltr\" data-wpcf7-id=\"11\">\n<div class=\"screen-reader-response\"><p role=\"status\" aria-live=\"polite\" aria-atomic=\"true\"><\/p> <ul><\/ul><\/div>\n<form action=\"\/en\/wp-json\/wp\/v2\/pages\/4611#wpcf7-f11-o1\" method=\"post\" class=\"wpcf7-form init\" aria-label=\"Formulario de contacto\" novalidate=\"novalidate\" data-status=\"init\">\n<fieldset class=\"hidden-fields-container\"><input type=\"hidden\" name=\"_wpcf7\" value=\"11\" \/><input type=\"hidden\" name=\"_wpcf7_version\" value=\"6.1.5\" \/><input type=\"hidden\" name=\"_wpcf7_locale\" value=\"es_ES\" \/><input type=\"hidden\" name=\"_wpcf7_unit_tag\" value=\"wpcf7-f11-o1\" \/><input type=\"hidden\" name=\"_wpcf7_container_post\" value=\"0\" \/><input type=\"hidden\" name=\"_wpcf7_posted_data_hash\" value=\"\" \/>\n<\/fieldset>\n<p>Nombre (requerido)\n<\/p>\n<p><span class=\"wpcf7-form-control-wrap\" data-name=\"your-name\"><input size=\"40\" maxlength=\"400\" class=\"wpcf7-form-control wpcf7-text wpcf7-validates-as-required\" aria-required=\"true\" aria-invalid=\"false\" value=\"\" type=\"text\" name=\"your-name\" \/><\/span>\n<\/p>\n<p>Correo electr\u00f3nico (requerido)\n<\/p>\n<p><span class=\"wpcf7-form-control-wrap\" data-name=\"your-email\"><input size=\"40\" maxlength=\"400\" class=\"wpcf7-form-control wpcf7-email wpcf7-validates-as-required wpcf7-text wpcf7-validates-as-email\" aria-required=\"true\" aria-invalid=\"false\" value=\"\" type=\"email\" name=\"your-email\" \/><\/span>\n<\/p>\n<p>Tel\u00e9fono (obligatorio)\n<\/p>\n<p><span class=\"wpcf7-form-control-wrap\" data-name=\"TELF\"><input size=\"40\" maxlength=\"400\" class=\"wpcf7-form-control wpcf7-text wpcf7-validates-as-required\" aria-required=\"true\" aria-invalid=\"false\" value=\"\" type=\"text\" name=\"TELF\" \/><\/span>\n<\/p>\n<p>Asunto\n<\/p>\n<p><span class=\"wpcf7-form-control-wrap\" data-name=\"your-subject\"><input size=\"40\" maxlength=\"400\" class=\"wpcf7-form-control wpcf7-text\" aria-invalid=\"false\" value=\"\" type=\"text\" name=\"your-subject\" \/><\/span>\n<\/p>\n<p>Mensaje\n<\/p>\n<p><span class=\"wpcf7-form-control-wrap\" data-name=\"your-message\"><textarea cols=\"40\" rows=\"10\" maxlength=\"2000\" class=\"wpcf7-form-control wpcf7-textarea\" aria-invalid=\"false\" name=\"your-message\"><\/textarea><\/span>\n<\/p>\n<p><input class=\"wpcf7-form-control wpcf7-submit has-spinner\" type=\"submit\" value=\"Enviar\" \/>\n<\/p>\n<p><span class=\"wpcf7-form-control-wrap\" data-name=\"aceptar-terminos\"><span class=\"wpcf7-form-control wpcf7-acceptance\"><span class=\"wpcf7-list-item\"><input type=\"checkbox\" name=\"aceptar-terminos\" value=\"1\" aria-invalid=\"false\" \/><\/span><\/span><\/span> Marque la casilla para confirmar que ha le\u00eddo y acepta la <a href='http:\/\/acontermica.es\/politica-de-privacidad\/\/'><strong>Politica de privacidad<\/strong><\/a> (requerido para enviar)\n<\/p><div class=\"inv-recaptcha-holder\"><\/div><div class=\"wpcf7-response-output\" aria-hidden=\"true\"><\/div>\n<\/form>\n<\/div>\n\n<\/div><\/section><\/p><\/div><\/div><\/div><\/main><!-- close content main element --><\/div><\/div><div id='after_section_1'  class='main_color av_default_container_wrap container_wrap sidebar_right' style=' '  ><div class='container' ><div class='template-page content  av-content-small alpha units'><div class='post-entry post-entry-type-page post-entry-4611'><div class='entry-content-wrapper clearfix'>\n","protected":false},"excerpt":{"rendered":"","protected":false},"author":2,"featured_media":0,"parent":0,"menu_order":0,"comment_status":"closed","ping_status":"closed","template":"","meta":{"footnotes":""},"class_list":["post-4611","page","type-page","status-publish","hentry"],"yoast_head":"<!-- This site is optimized with the Yoast SEO plugin v27.3 - https:\/\/yoast.com\/product\/yoast-seo-wordpress\/ -->\n<title>Customer Commitment - Servicio T\u00e9cnico Daikin M\u00e1laga. Acontermica.<\/title>\n<meta name=\"robots\" content=\"index, follow, max-snippet:-1, max-image-preview:large, max-video-preview:-1\" \/>\n<link rel=\"canonical\" href=\"https:\/\/acontermica.es\/en\/postventa\/\" \/>\n<meta property=\"og:locale\" content=\"en_US\" \/>\n<meta property=\"og:type\" content=\"article\" \/>\n<meta property=\"og:title\" content=\"Customer Commitment - Servicio T\u00e9cnico Daikin M\u00e1laga. Acontermica.\" \/>\n<meta property=\"og:url\" content=\"https:\/\/acontermica.es\/en\/postventa\/\" \/>\n<meta property=\"og:site_name\" content=\"Servicio T\u00e9cnico Daikin M\u00e1laga. Acontermica.\" \/>\n<meta property=\"article:publisher\" content=\"https:\/\/www.facebook.com\/acontermica\" \/>\n<meta property=\"article:modified_time\" content=\"2016-08-27T13:52:41+00:00\" \/>\n<meta property=\"og:image\" content=\"http:\/\/acontermica.loading.net\/wp-content\/uploads\/2015\/12\/el_corte_ingles.png\" \/>\n<meta name=\"twitter:card\" content=\"summary_large_image\" \/>\n<meta name=\"twitter:label1\" content=\"Est. reading time\" \/>\n\t<meta name=\"twitter:data1\" content=\"4 minutes\" \/>\n<script type=\"application\/ld+json\" class=\"yoast-schema-graph\">{\"@context\":\"https:\\\/\\\/schema.org\",\"@graph\":[{\"@type\":\"WebPage\",\"@id\":\"https:\\\/\\\/acontermica.es\\\/en\\\/postventa\\\/\",\"url\":\"https:\\\/\\\/acontermica.es\\\/en\\\/postventa\\\/\",\"name\":\"Customer Commitment - Servicio T\u00e9cnico Daikin M\u00e1laga. Acontermica.\",\"isPartOf\":{\"@id\":\"https:\\\/\\\/acontermica.es\\\/#website\"},\"primaryImageOfPage\":{\"@id\":\"https:\\\/\\\/acontermica.es\\\/en\\\/postventa\\\/#primaryimage\"},\"image\":{\"@id\":\"https:\\\/\\\/acontermica.es\\\/en\\\/postventa\\\/#primaryimage\"},\"thumbnailUrl\":\"http:\\\/\\\/acontermica.loading.net\\\/wp-content\\\/uploads\\\/2015\\\/12\\\/el_corte_ingles.png\",\"datePublished\":\"2015-12-20T01:29:45+00:00\",\"dateModified\":\"2016-08-27T13:52:41+00:00\",\"breadcrumb\":{\"@id\":\"https:\\\/\\\/acontermica.es\\\/en\\\/postventa\\\/#breadcrumb\"},\"inLanguage\":\"en-US\",\"potentialAction\":[{\"@type\":\"ReadAction\",\"target\":[\"https:\\\/\\\/acontermica.es\\\/en\\\/postventa\\\/\"]}]},{\"@type\":\"ImageObject\",\"inLanguage\":\"en-US\",\"@id\":\"https:\\\/\\\/acontermica.es\\\/en\\\/postventa\\\/#primaryimage\",\"url\":\"http:\\\/\\\/acontermica.loading.net\\\/wp-content\\\/uploads\\\/2015\\\/12\\\/el_corte_ingles.png\",\"contentUrl\":\"http:\\\/\\\/acontermica.loading.net\\\/wp-content\\\/uploads\\\/2015\\\/12\\\/el_corte_ingles.png\"},{\"@type\":\"BreadcrumbList\",\"@id\":\"https:\\\/\\\/acontermica.es\\\/en\\\/postventa\\\/#breadcrumb\",\"itemListElement\":[{\"@type\":\"ListItem\",\"position\":1,\"name\":\"Portada\",\"item\":\"https:\\\/\\\/acontermica.es\\\/en\\\/\"},{\"@type\":\"ListItem\",\"position\":2,\"name\":\"Customer Commitment\"}]},{\"@type\":\"WebSite\",\"@id\":\"https:\\\/\\\/acontermica.es\\\/#website\",\"url\":\"https:\\\/\\\/acontermica.es\\\/\",\"name\":\"Servicio T\u00e9cnico Daikin M\u00e1laga. Acontermica.\",\"description\":\"Climatizaci\u00f3n, Aire acondicionado, M\u00e1laga\",\"potentialAction\":[{\"@type\":\"SearchAction\",\"target\":{\"@type\":\"EntryPoint\",\"urlTemplate\":\"https:\\\/\\\/acontermica.es\\\/?s={search_term_string}\"},\"query-input\":{\"@type\":\"PropertyValueSpecification\",\"valueRequired\":true,\"valueName\":\"search_term_string\"}}],\"inLanguage\":\"en-US\"}]}<\/script>\n<!-- \/ Yoast SEO plugin. -->","yoast_head_json":{"title":"Customer Commitment - Servicio T\u00e9cnico Daikin M\u00e1laga. Acontermica.","robots":{"index":"index","follow":"follow","max-snippet":"max-snippet:-1","max-image-preview":"max-image-preview:large","max-video-preview":"max-video-preview:-1"},"canonical":"https:\/\/acontermica.es\/en\/postventa\/","og_locale":"en_US","og_type":"article","og_title":"Customer Commitment - Servicio T\u00e9cnico Daikin M\u00e1laga. Acontermica.","og_url":"https:\/\/acontermica.es\/en\/postventa\/","og_site_name":"Servicio T\u00e9cnico Daikin M\u00e1laga. Acontermica.","article_publisher":"https:\/\/www.facebook.com\/acontermica","article_modified_time":"2016-08-27T13:52:41+00:00","og_image":[{"url":"http:\/\/acontermica.loading.net\/wp-content\/uploads\/2015\/12\/el_corte_ingles.png","type":"","width":"","height":""}],"twitter_card":"summary_large_image","twitter_misc":{"Est. reading time":"4 minutes"},"schema":{"@context":"https:\/\/schema.org","@graph":[{"@type":"WebPage","@id":"https:\/\/acontermica.es\/en\/postventa\/","url":"https:\/\/acontermica.es\/en\/postventa\/","name":"Customer Commitment - Servicio T\u00e9cnico Daikin M\u00e1laga. Acontermica.","isPartOf":{"@id":"https:\/\/acontermica.es\/#website"},"primaryImageOfPage":{"@id":"https:\/\/acontermica.es\/en\/postventa\/#primaryimage"},"image":{"@id":"https:\/\/acontermica.es\/en\/postventa\/#primaryimage"},"thumbnailUrl":"http:\/\/acontermica.loading.net\/wp-content\/uploads\/2015\/12\/el_corte_ingles.png","datePublished":"2015-12-20T01:29:45+00:00","dateModified":"2016-08-27T13:52:41+00:00","breadcrumb":{"@id":"https:\/\/acontermica.es\/en\/postventa\/#breadcrumb"},"inLanguage":"en-US","potentialAction":[{"@type":"ReadAction","target":["https:\/\/acontermica.es\/en\/postventa\/"]}]},{"@type":"ImageObject","inLanguage":"en-US","@id":"https:\/\/acontermica.es\/en\/postventa\/#primaryimage","url":"http:\/\/acontermica.loading.net\/wp-content\/uploads\/2015\/12\/el_corte_ingles.png","contentUrl":"http:\/\/acontermica.loading.net\/wp-content\/uploads\/2015\/12\/el_corte_ingles.png"},{"@type":"BreadcrumbList","@id":"https:\/\/acontermica.es\/en\/postventa\/#breadcrumb","itemListElement":[{"@type":"ListItem","position":1,"name":"Portada","item":"https:\/\/acontermica.es\/en\/"},{"@type":"ListItem","position":2,"name":"Customer Commitment"}]},{"@type":"WebSite","@id":"https:\/\/acontermica.es\/#website","url":"https:\/\/acontermica.es\/","name":"Servicio T\u00e9cnico Daikin M\u00e1laga. Acontermica.","description":"Climatizaci\u00f3n, Aire acondicionado, M\u00e1laga","potentialAction":[{"@type":"SearchAction","target":{"@type":"EntryPoint","urlTemplate":"https:\/\/acontermica.es\/?s={search_term_string}"},"query-input":{"@type":"PropertyValueSpecification","valueRequired":true,"valueName":"search_term_string"}}],"inLanguage":"en-US"}]}},"_links":{"self":[{"href":"https:\/\/acontermica.es\/en\/wp-json\/wp\/v2\/pages\/4611","targetHints":{"allow":["GET"]}}],"collection":[{"href":"https:\/\/acontermica.es\/en\/wp-json\/wp\/v2\/pages"}],"about":[{"href":"https:\/\/acontermica.es\/en\/wp-json\/wp\/v2\/types\/page"}],"author":[{"embeddable":true,"href":"https:\/\/acontermica.es\/en\/wp-json\/wp\/v2\/users\/2"}],"replies":[{"embeddable":true,"href":"https:\/\/acontermica.es\/en\/wp-json\/wp\/v2\/comments?post=4611"}],"version-history":[{"count":5,"href":"https:\/\/acontermica.es\/en\/wp-json\/wp\/v2\/pages\/4611\/revisions"}],"predecessor-version":[{"id":4616,"href":"https:\/\/acontermica.es\/en\/wp-json\/wp\/v2\/pages\/4611\/revisions\/4616"}],"wp:attachment":[{"href":"https:\/\/acontermica.es\/en\/wp-json\/wp\/v2\/media?parent=4611"}],"curies":[{"name":"wp","href":"https:\/\/api.w.org\/{rel}","templated":true}]}}